{"id":224,"date":"2021-02-19T12:24:45","date_gmt":"2021-02-19T11:24:45","guid":{"rendered":"http:\/\/calvamed.pl\/?page_id=224"},"modified":"2021-07-20T09:25:34","modified_gmt":"2021-07-20T07:25:34","slug":"lancuchy-miesniowo-powieziowe","status":"publish","type":"page","link":"http:\/\/calvamed.pl\/en\/oferta\/lancuchy-miesniowo-powieziowe\/","title":{"rendered":"\u0141a\u0144cuchy Mi\u0119\u015bniowo-Powi\u0119ziowe"},"content":{"rendered":"<div class=\"description-seo\">\n<h2>\u0141a\u0144cuchy Mi\u0119\u015bniowo-Powi\u0119ziowe<\/h2>\n<p>Terapia \u0142a\u0144cuch\u00f3w mi\u0119\u015bniowo-powi\u0119ziowych to\u00a0manualne techniki \u015blizgowe, prowadzone wzd\u0142u\u017c okre\u015blonych szlak\u00f3w mi\u0119\u015bniowych, poprawiaj\u0105ce wzajemne po\u0142o\u017cenie oraz korelacje poszczeg\u00f3lnych mi\u0119\u015bni czy\u00a0cz\u0119\u015bci ludzkiego cia\u0142a. \u0141a\u0144cuchy mi\u0119\u015bniowo-powi\u0119ziowe to\u00a0szlaki (tory, ta\u015bmy, meridiany) mi\u0119\u015bni, powi\u0119zi, wi\u0119zade\u0142 i\u00a0innych tkanek mi\u0119kkich, wzajemnie powi\u0105zane i\u00a0tworz\u0105ce zintegrowan\u0105 struktur\u0119 ludzkiego cia\u0142a. Tensegracja to\u00a0przywr\u00f3cenie b\u0105d\u017a wyr\u00f3wnanie napi\u0119cia, tkanek mi\u0119\u015bniowo-powi\u0119ziowych, wok\u00f3\u0142 struktury szkieletowej (ko\u015bci), w\u00a0taki spos\u00f3b by\u00a0by\u0142a ona\u00a0maksymalnie wydajna przy minimalnym wysi\u0142ku. Prosto rzecz ujmuj\u0105c. jest to\u00a0zbilansowanie napi\u0119cia ludzkiego cia\u0142a do\u00a0mo\u017cliwie jak\u00a0najlepszej pracy i\u00a0egzystencji.<\/p>\n<h2>Zaufaj do\u015bwiadczonemu <strong>osteopacie<\/strong><\/h2>\n<p>Jako profesjonalny <strong>fizjoterapeuta<\/strong> i\u00a0<strong>osteopata<\/strong> prowadz\u0119 w\u0142asny <a href=\"\/\"><strong>gabinet fizjoterapeutyczny<\/strong><\/a>, w\u00a0kt\u00f3rym oferuje terapi\u0119 \u0142a\u0144cuch\u00f3w mi\u0119\u015bniowo-powi\u0119ziowych polegaj\u0105c\u0105 na\u00a0m.in. rozlu\u017anianiu powi\u0119zi poprzez <strong>leczniczy masa\u017c<\/strong> r\u0119czny, manipulacje <strong>powi\u0119ziowe<\/strong>, rozci\u0105ganie metod\u0105 rolowania, a\u00a0tak\u017ce r\u00f3\u017cnego rodzaju \u0107wiczenia.<\/p>\n<p>Je\u015bli cierpisz z\u00a0powodu b\u00f3lu powi\u0119ziowo-mi\u0119\u015bniowego, zdecyduj si\u0119\u00a0na\u00a0udzia\u0142 w\u00a0skutecznej terapii w\u00a0moim <strong>gabinecie<\/strong>. Do\u0142o\u017c\u0119 wszelkich stara\u0144, aby\u00a0pom\u00f3c Ci\u00a0wr\u00f3ci\u0107 do\u00a0pe\u0142nej sprawno\u015bci fizycznej i\u00a0zminimalizowa\u0107 ryzyko powstania powa\u017cnych chor\u00f3b.<\/p>\n<\/div>\n","protected":false},"excerpt":{"rendered":"<p>\u0141a\u0144cuchy Mi\u0119\u015bniowo-Powi\u0119ziowe Terapia \u0142a\u0144cuch\u00f3w mi\u0119\u015bniowo-powi\u0119ziowych to\u00a0manualne techniki \u015blizgowe, prowadzone wzd\u0142u\u017c okre\u015blonych szlak\u00f3w mi\u0119\u015bniowych, poprawiaj\u0105ce wzajemne po\u0142o\u017cenie oraz korelacje poszczeg\u00f3lnych mi\u0119\u015bni czy\u00a0cz\u0119\u015bci ludzkiego cia\u0142a. \u0141a\u0144cuchy mi\u0119\u015bniowo-powi\u0119ziowe to\u00a0szlaki (tory, ta\u015bmy, meridiany) mi\u0119\u015bni, powi\u0119zi, wi\u0119zade\u0142 i\u00a0innych tkanek mi\u0119kkich, wzajemnie powi\u0105zane i\u00a0tworz\u0105ce zintegrowan\u0105 struktur\u0119 ludzkiego cia\u0142a. Tensegracja to\u00a0przywr\u00f3cenie b\u0105d\u017a wyr\u00f3wnanie napi\u0119cia, tkanek mi\u0119\u015bniowo-powi\u0119ziowych, wok\u00f3\u0142 struktury szkieletowej (ko\u015bci), w\u00a0taki spos\u00f3b [&hellip;]<\/p>\n","protected":false},"author":3,"featured_media":0,"parent":182,"menu_order":0,"comment_status":"closed","ping_status":"closed","template":"","meta":{"footnotes":""},"class_list":["post-224","page","type-page","status-publish","hentry"],"yoast_head":"<!-- This site is optimized with the Yoast SEO plugin v26.7 - https:\/\/yoast.com\/wordpress\/plugins\/seo\/ -->\n<title>\u0141a\u0144cuchy Mi\u0119\u015bniowo-Powi\u0119ziowe - CalvaMed<\/title>\n<meta name=\"robots\" content=\"index, follow, max-snippet:-1, max-image-preview:large, max-video-preview:-1\" \/>\n<link rel=\"canonical\" href=\"http:\/\/calvamed.pl\/oferta\/lancuchy-miesniowo-powieziowe\/\" \/>\n<meta property=\"og:locale\" content=\"en_US\" \/>\n<meta property=\"og:type\" content=\"article\" \/>\n<meta property=\"og:title\" content=\"\u0141a\u0144cuchy Mi\u0119\u015bniowo-Powi\u0119ziowe - CalvaMed\" \/>\n<meta property=\"og:description\" content=\"\u0141a\u0144cuchy Mi\u0119\u015bniowo-Powi\u0119ziowe Terapia \u0142a\u0144cuch\u00f3w mi\u0119\u015bniowo-powi\u0119ziowych to\u00a0manualne techniki \u015blizgowe, prowadzone wzd\u0142u\u017c okre\u015blonych szlak\u00f3w mi\u0119\u015bniowych, poprawiaj\u0105ce wzajemne po\u0142o\u017cenie oraz korelacje poszczeg\u00f3lnych mi\u0119\u015bni czy\u00a0cz\u0119\u015bci ludzkiego cia\u0142a. \u0141a\u0144cuchy mi\u0119\u015bniowo-powi\u0119ziowe to\u00a0szlaki (tory, ta\u015bmy, meridiany) mi\u0119\u015bni, powi\u0119zi, wi\u0119zade\u0142 i\u00a0innych tkanek mi\u0119kkich, wzajemnie powi\u0105zane i\u00a0tworz\u0105ce zintegrowan\u0105 struktur\u0119 ludzkiego cia\u0142a. Tensegracja to\u00a0przywr\u00f3cenie b\u0105d\u017a wyr\u00f3wnanie napi\u0119cia, tkanek mi\u0119\u015bniowo-powi\u0119ziowych, wok\u00f3\u0142 struktury szkieletowej (ko\u015bci), w\u00a0taki spos\u00f3b [&hellip;]\" \/>\n<meta property=\"og:url\" content=\"http:\/\/calvamed.pl\/oferta\/lancuchy-miesniowo-powieziowe\/\" \/>\n<meta property=\"og:site_name\" content=\"CalvaMed\" \/>\n<meta property=\"article:modified_time\" content=\"2021-07-20T07:25:34+00:00\" \/>\n<meta name=\"twitter:card\" content=\"summary_large_image\" \/>\n<meta name=\"twitter:label1\" content=\"Est. reading time\" \/>\n\t<meta name=\"twitter:data1\" content=\"1 minute\" \/>\n<script type=\"application\/ld+json\" class=\"yoast-schema-graph\">{\"@context\":\"https:\/\/schema.org\",\"@graph\":[{\"@type\":\"WebPage\",\"@id\":\"http:\/\/calvamed.pl\/oferta\/lancuchy-miesniowo-powieziowe\/\",\"url\":\"http:\/\/calvamed.pl\/oferta\/lancuchy-miesniowo-powieziowe\/\",\"name\":\"\u0141a\u0144cuchy Mi\u0119\u015bniowo-Powi\u0119ziowe - CalvaMed\",\"isPartOf\":{\"@id\":\"http:\/\/calvamed.pl\/#website\"},\"datePublished\":\"2021-02-19T11:24:45+00:00\",\"dateModified\":\"2021-07-20T07:25:34+00:00\",\"breadcrumb\":{\"@id\":\"http:\/\/calvamed.pl\/oferta\/lancuchy-miesniowo-powieziowe\/#breadcrumb\"},\"inLanguage\":\"en-US\",\"potentialAction\":[{\"@type\":\"ReadAction\",\"target\":[\"http:\/\/calvamed.pl\/oferta\/lancuchy-miesniowo-powieziowe\/\"]}]},{\"@type\":\"BreadcrumbList\",\"@id\":\"http:\/\/calvamed.pl\/oferta\/lancuchy-miesniowo-powieziowe\/#breadcrumb\",\"itemListElement\":[{\"@type\":\"ListItem\",\"position\":1,\"name\":\"Strona g\u0142\u00f3wna\",\"item\":\"https:\/\/calvamed.pl\/en\/\"},{\"@type\":\"ListItem\",\"position\":2,\"name\":\"Oferta\",\"item\":\"https:\/\/calvamed.pl\/oferta\/\"},{\"@type\":\"ListItem\",\"position\":3,\"name\":\"\u0141a\u0144cuchy Mi\u0119\u015bniowo-Powi\u0119ziowe\"}]},{\"@type\":\"WebSite\",\"@id\":\"http:\/\/calvamed.pl\/#website\",\"url\":\"http:\/\/calvamed.pl\/\",\"name\":\"CalvaMed\",\"description\":\"Kolejna witryna oparta na WordPressie\",\"potentialAction\":[{\"@type\":\"SearchAction\",\"target\":{\"@type\":\"EntryPoint\",\"urlTemplate\":\"http:\/\/calvamed.pl\/?s={search_term_string}\"},\"query-input\":{\"@type\":\"PropertyValueSpecification\",\"valueRequired\":true,\"valueName\":\"search_term_string\"}}],\"inLanguage\":\"en-US\"}]}<\/script>\n<!-- \/ Yoast SEO plugin. -->","yoast_head_json":{"title":"\u0141a\u0144cuchy Mi\u0119\u015bniowo-Powi\u0119ziowe - CalvaMed","robots":{"index":"index","follow":"follow","max-snippet":"max-snippet:-1","max-image-preview":"max-image-preview:large","max-video-preview":"max-video-preview:-1"},"canonical":"http:\/\/calvamed.pl\/oferta\/lancuchy-miesniowo-powieziowe\/","og_locale":"en_US","og_type":"article","og_title":"\u0141a\u0144cuchy Mi\u0119\u015bniowo-Powi\u0119ziowe - CalvaMed","og_description":"\u0141a\u0144cuchy Mi\u0119\u015bniowo-Powi\u0119ziowe Terapia \u0142a\u0144cuch\u00f3w mi\u0119\u015bniowo-powi\u0119ziowych to\u00a0manualne techniki \u015blizgowe, prowadzone wzd\u0142u\u017c okre\u015blonych szlak\u00f3w mi\u0119\u015bniowych, poprawiaj\u0105ce wzajemne po\u0142o\u017cenie oraz korelacje poszczeg\u00f3lnych mi\u0119\u015bni czy\u00a0cz\u0119\u015bci ludzkiego cia\u0142a. \u0141a\u0144cuchy mi\u0119\u015bniowo-powi\u0119ziowe to\u00a0szlaki (tory, ta\u015bmy, meridiany) mi\u0119\u015bni, powi\u0119zi, wi\u0119zade\u0142 i\u00a0innych tkanek mi\u0119kkich, wzajemnie powi\u0105zane i\u00a0tworz\u0105ce zintegrowan\u0105 struktur\u0119 ludzkiego cia\u0142a. Tensegracja to\u00a0przywr\u00f3cenie b\u0105d\u017a wyr\u00f3wnanie napi\u0119cia, tkanek mi\u0119\u015bniowo-powi\u0119ziowych, wok\u00f3\u0142 struktury szkieletowej (ko\u015bci), w\u00a0taki spos\u00f3b [&hellip;]","og_url":"http:\/\/calvamed.pl\/oferta\/lancuchy-miesniowo-powieziowe\/","og_site_name":"CalvaMed","article_modified_time":"2021-07-20T07:25:34+00:00","twitter_card":"summary_large_image","twitter_misc":{"Est. reading time":"1 minute"},"schema":{"@context":"https:\/\/schema.org","@graph":[{"@type":"WebPage","@id":"http:\/\/calvamed.pl\/oferta\/lancuchy-miesniowo-powieziowe\/","url":"http:\/\/calvamed.pl\/oferta\/lancuchy-miesniowo-powieziowe\/","name":"\u0141a\u0144cuchy Mi\u0119\u015bniowo-Powi\u0119ziowe - CalvaMed","isPartOf":{"@id":"http:\/\/calvamed.pl\/#website"},"datePublished":"2021-02-19T11:24:45+00:00","dateModified":"2021-07-20T07:25:34+00:00","breadcrumb":{"@id":"http:\/\/calvamed.pl\/oferta\/lancuchy-miesniowo-powieziowe\/#breadcrumb"},"inLanguage":"en-US","potentialAction":[{"@type":"ReadAction","target":["http:\/\/calvamed.pl\/oferta\/lancuchy-miesniowo-powieziowe\/"]}]},{"@type":"BreadcrumbList","@id":"http:\/\/calvamed.pl\/oferta\/lancuchy-miesniowo-powieziowe\/#breadcrumb","itemListElement":[{"@type":"ListItem","position":1,"name":"Strona g\u0142\u00f3wna","item":"https:\/\/calvamed.pl\/en\/"},{"@type":"ListItem","position":2,"name":"Oferta","item":"https:\/\/calvamed.pl\/oferta\/"},{"@type":"ListItem","position":3,"name":"\u0141a\u0144cuchy Mi\u0119\u015bniowo-Powi\u0119ziowe"}]},{"@type":"WebSite","@id":"http:\/\/calvamed.pl\/#website","url":"http:\/\/calvamed.pl\/","name":"CalvaMed","description":"Kolejna witryna oparta na WordPressie","potentialAction":[{"@type":"SearchAction","target":{"@type":"EntryPoint","urlTemplate":"http:\/\/calvamed.pl\/?s={search_term_string}"},"query-input":{"@type":"PropertyValueSpecification","valueRequired":true,"valueName":"search_term_string"}}],"inLanguage":"en-US"}]}},"_links":{"self":[{"href":"http:\/\/calvamed.pl\/en\/wp-json\/wp\/v2\/pages\/224","targetHints":{"allow":["GET"]}}],"collection":[{"href":"http:\/\/calvamed.pl\/en\/wp-json\/wp\/v2\/pages"}],"about":[{"href":"http:\/\/calvamed.pl\/en\/wp-json\/wp\/v2\/types\/page"}],"author":[{"embeddable":true,"href":"http:\/\/calvamed.pl\/en\/wp-json\/wp\/v2\/users\/3"}],"replies":[{"embeddable":true,"href":"http:\/\/calvamed.pl\/en\/wp-json\/wp\/v2\/comments?post=224"}],"version-history":[{"count":2,"href":"http:\/\/calvamed.pl\/en\/wp-json\/wp\/v2\/pages\/224\/revisions"}],"predecessor-version":[{"id":250,"href":"http:\/\/calvamed.pl\/en\/wp-json\/wp\/v2\/pages\/224\/revisions\/250"}],"up":[{"embeddable":true,"href":"http:\/\/calvamed.pl\/en\/wp-json\/wp\/v2\/pages\/182"}],"wp:attachment":[{"href":"http:\/\/calvamed.pl\/en\/wp-json\/wp\/v2\/media?parent=224"}],"curies":[{"name":"wp","href":"https:\/\/api.w.org\/{rel}","templated":true}]}}