{"id":13,"date":"2017-01-26T20:11:31","date_gmt":"2017-01-26T19:11:31","guid":{"rendered":"http:\/\/2017.calvamed.pl\/?page_id=13"},"modified":"2026-01-05T15:52:20","modified_gmt":"2026-01-05T14:52:20","slug":"calvamed","status":"publish","type":"page","link":"https:\/\/calvamed.pl\/en\/","title":{"rendered":"Calvamed"},"content":{"rendered":"[vc_row][vc_column][vc_column_text][\/vc_column_text][\/vc_column][\/vc_row][vc_section full_width=&#8221;stretch_row&#8221; css=&#8221;.vc_custom_1485891997957{background-image: url(http:\/\/2017.calvamed.pl\/wp-content\/uploads\/2017\/01\/bg1.png?id=35) !important;background-position: 0 0 !important;background-repeat: repeat !important;}&#8221;][vc_row full_width=&#8221;stretch_row&#8221; css=&#8221;.vc_custom_1485892104577{background-color: #555555 !important;}&#8221; el_class=&#8221;section-title&#8221;][vc_column][vc_custom_heading text=&#8221;ABOUT&#8221; font_container=&#8221;tag:h1|text_align:left|color:%23ffffff&#8221; use_theme_fonts=&#8221;yes&#8221;][\/vc_column][\/vc_row][vc_row el_id=&#8221;o-mnie&#8221;][vc_column][vc_column_text]<img loading=\"lazy\" decoding=\"async\" class=\"alignleft wp-image-77 size-full\" src=\"http:\/\/2017.calvamed.pl\/wp-content\/uploads\/2017\/01\/marcin-bebelski.png\" width=\"512\" height=\"405\" srcset=\"https:\/\/calvamed.pl\/wp-content\/uploads\/2017\/01\/marcin-bebelski.png 512w, https:\/\/calvamed.pl\/wp-content\/uploads\/2017\/01\/marcin-bebelski-300x237.png 300w\" sizes=\"auto, (max-width: 512px) 100vw, 512px\" \/><\/p>\n<style type=\"text\/css\">\n\t<!-- @page { size: 21cm 29.7cm; margin: 2cm } P { margin-bottom: 0.21cm } --><br \/>\n<\/style>\n<p>I was born in Warsaw in the midwinter of 1980. Since I remember I was interested in sport<br \/>\nwhich absorbed most of my time. However, injury of the spine stopped my career. I started<br \/>\nthinking, what should I do with my life? I always liked to listen and help others, so I decided<br \/>\nto became a physiotherapist. During all my studies in Medical School of Professional No. 6 in<br \/>\nWarsaw, I was really interested in human anatomy and biomechanics and I fell in love with<br \/>\nthe Man as BIOMACHINE.<\/p>\n<p>In the meantime, I graduated from SWPS with a Master&#8217;s Degree in psychology.<br \/>\nHowever when I finished Medical School, and found my first job as a physiotherapist.<br \/>\nAnd then I understood it was exactly what I want to do in my life.<br \/>\nI worked at many institutions, acquiring experience and searching for the place to gain the<br \/>\nfoothold.<\/p>\n<p>I graduated from WUM and I was participating in many courses and workshops in<br \/>\nphysiotherapy too improve my manual therapy skills. Now I am studying Osteopathy in<br \/>\nEuropean Scholl of Osteopathy. I think that I will never stop improving my skills.<br \/>\nApart from professional interests I am a husband of my best friend, partner and a beautiful<br \/>\nwoman in one. I like to travel, and snowboarding. I love to meet and talk to people full of<br \/>\npassion and will of living. Maybe I am too firmly believe in people and justice but motto<br \/>\nwhich my Dad gave me: &#8220;always be better&#8221; I still have in my mind.[\/vc_column_text][\/vc_column][\/vc_row][\/vc_section][vc_section full_width=&#8221;stretch_row&#8221; css=&#8221;.vc_custom_1485892130964{background-image: url(http:\/\/2017.calvamed.pl\/wp-content\/uploads\/2017\/01\/bg2.png?id=64) !important;}&#8221;][vc_row full_width=&#8221;stretch_row&#8221; css=&#8221;.vc_custom_1485459389350{background-color: #555555 !important;}&#8221; el_class=&#8221;section-title&#8221;][vc_column][vc_custom_heading text=&#8221;METHODS&#8221; font_container=&#8221;tag:h1|text_align:left|color:%23ffffff&#8221; use_theme_fonts=&#8221;yes&#8221;][\/vc_column][\/vc_row][vc_row el_id=&#8221;metody&#8221;][vc_column]<div class=\"row\"><div class=\"roen-shortcode-portfolio-post\"><article id=\"post-51\" class=\"shortcode-post-entry portfolio-element portfolio-style-3 col-md-6 col-sm-6 col-xs-6 post-51 portfolio type-portfolio status-publish has-post-thumbnail hentry portfolio-cats-metody\" itemscope itemtype=\"http:\/\/schema.org\/CreativeWork\"><div class=\"portfolio-wrap\"><div class=\"portfolio-img\"><img loading=\"lazy\" decoding=\"async\" width=\"565\" height=\"313\" src=\"https:\/\/calvamed.pl\/wp-content\/uploads\/2017\/01\/terapia-czaszkowo-krzyzowa-565x313.jpg\" class=\"attachment-roen-m-thumbs size-roen-m-thumbs wp-post-image\" alt=\"\" \/><\/div>\n\t\t\t\t<div class=\"portfolio-tip\">\n\t\t\t\t\t<div class=\"description\">Cranio-sacral therapy is a gentle, hands-on method examining and improvement the functioning of the human body.\r\nThe cranio-sacral therapist in Somato-Emotional Relase is able to free restrictions and energy cysts (places of the accumulated energy, incurred as a result of injury, disease or trauma).\r\nCST is regulating of the nervous system, calming down and relax after the stress and the psychical pressure.\r\nCST is also good in the improvement in physiotherapy or psychological effectivenesses of other therapy starting natural mechanisms self-healing and balancing all arrangements of the human body.<\/div>\n\t\t\t\t\t<div class=\"bg\"><\/div>\t\t\t\t\t\n\t\t\t\t<\/div><\/div>\n\t\t\t<div class=\"portfolio-content\">\n\t\t\t\t<h4 class=\"entry-title\" itemprop=\"name\">Cranio-sacral therapy<\/h4>\n\t\t\t\t\n\t\t\t<\/div><\/article><article id=\"post-54\" class=\"shortcode-post-entry portfolio-element portfolio-style-3 col-md-6 col-sm-6 col-xs-6 post-54 portfolio type-portfolio status-publish has-post-thumbnail hentry portfolio-cats-metody\" itemscope itemtype=\"http:\/\/schema.org\/CreativeWork\"><div class=\"portfolio-wrap\"><div class=\"portfolio-img\"><img loading=\"lazy\" decoding=\"async\" width=\"565\" height=\"313\" src=\"https:\/\/calvamed.pl\/wp-content\/uploads\/2017\/01\/terapia-manualna-kaltenborn-evjenth-565x313.jpg\" class=\"attachment-roen-m-thumbs size-roen-m-thumbs wp-post-image\" alt=\"\" \/><\/div>\n\t\t\t\t<div class=\"portfolio-tip\">\n\t\t\t\t\t<div class=\"description\">OMT is a holistic system of examination and treatment orthopedics dysfunction in human body (spinal joints, peripheral joints, muscles, soft tissue and nerves).\r\nManual therapist in schematic sequence make comprehensive analysis of the patient's complaints (biomechanical and functional evaluation). After this conducting the proper treatment.\r\n<strong>What we treat with this method:<\/strong>\r\nAcute and chronic conditions in body regions including the head, neck, back, arms and legs.<\/div>\n\t\t\t\t\t<div class=\"bg\"><\/div>\t\t\t\t\t\n\t\t\t\t<\/div><\/div>\n\t\t\t<div class=\"portfolio-content\">\n\t\t\t\t<h4 class=\"entry-title\" itemprop=\"name\">Orthopedic Manual Therapy (OMT) Kaltenborn&amp;Evjenth concept.<\/h4>\n\t\t\t\t\n\t\t\t<\/div><\/article><article id=\"post-62\" class=\"shortcode-post-entry portfolio-element portfolio-style-3 col-md-6 col-sm-6 col-xs-6 post-62 portfolio type-portfolio status-publish has-post-thumbnail hentry portfolio-cats-metody\" itemscope itemtype=\"http:\/\/schema.org\/CreativeWork\"><div class=\"portfolio-wrap\"><div class=\"portfolio-img\"><img loading=\"lazy\" decoding=\"async\" width=\"565\" height=\"313\" src=\"https:\/\/calvamed.pl\/wp-content\/uploads\/2017\/01\/krotkodzwigniowe-techniki-manipulacji-hartmana-565x313.jpg\" class=\"attachment-roen-m-thumbs size-roen-m-thumbs wp-post-image\" alt=\"\" \/><\/div>\n\t\t\t\t<div class=\"portfolio-tip\">\n\t\t\t\t\t<div class=\"description\">HVLA is a spinal and peripheral joints manipulation. In the basic component of this method is creation by therapist \"<strong>barrier<\/strong>\" in multidimensional placing the joint and making \"thrust\" to\r\nunblocked this joint. HVLA is very save because therapist use minimal lever and power. This techniques are very popular in osteopathy because impulse is precisely targeted \"focusing\" to the given structure.<\/div>\n\t\t\t\t\t<div class=\"bg\"><\/div>\t\t\t\t\t\n\t\t\t\t<\/div><\/div>\n\t\t\t<div class=\"portfolio-content\">\n\t\t\t\t<h4 class=\"entry-title\" itemprop=\"name\">High velocity low amplitude (HVLA) manipulation by PhD., DO. Laurie Hartman<\/h4>\n\t\t\t\t\n\t\t\t<\/div><\/article><article id=\"post-63\" class=\"shortcode-post-entry portfolio-element portfolio-style-3 col-md-6 col-sm-6 col-xs-6 post-63 portfolio type-portfolio status-publish has-post-thumbnail hentry portfolio-cats-metody\" itemscope itemtype=\"http:\/\/schema.org\/CreativeWork\"><div class=\"portfolio-wrap\"><div class=\"portfolio-img\"><img loading=\"lazy\" decoding=\"async\" width=\"565\" height=\"313\" src=\"https:\/\/calvamed.pl\/wp-content\/uploads\/2017\/01\/terapia-punktow-spustowych-565x313.jpg\" class=\"attachment-roen-m-thumbs size-roen-m-thumbs wp-post-image\" alt=\"\" \/><\/div>\n\t\t\t\t<div class=\"portfolio-tip\">\n\t\t\t\t\t<div class=\"description\">Trigger Point Therapy is manual (local and general) direct techniques for muscles, fascia and connective tissues applied in order to eliminate pain in myofascial trigger points. Dry Needling includes the use of sterile disposable acupuncture needles (superficial and deep) to improve circulation and blood flow to the affected muscle trigger point areas. This helps to promote healing and reduce pain. Using the combination of these two techniques (Manual Trigger Point Therapy and Dry Needling) is highly effective in reducing myofascial pain.<\/div>\n\t\t\t\t\t<div class=\"bg\"><\/div>\t\t\t\t\t\n\t\t\t\t<\/div><\/div>\n\t\t\t<div class=\"portfolio-content\">\n\t\t\t\t<h4 class=\"entry-title\" itemprop=\"name\">Trigger Point Therapy<\/h4>\n\t\t\t\t\n\t\t\t<\/div><\/article><article id=\"post-67\" class=\"shortcode-post-entry portfolio-element portfolio-style-3 col-md-6 col-sm-6 col-xs-6 post-67 portfolio type-portfolio status-publish has-post-thumbnail hentry portfolio-cats-metody\" itemscope itemtype=\"http:\/\/schema.org\/CreativeWork\"><div class=\"portfolio-wrap\"><div class=\"portfolio-img\"><img loading=\"lazy\" decoding=\"async\" width=\"565\" height=\"313\" src=\"https:\/\/calvamed.pl\/wp-content\/uploads\/2017\/01\/lancuchy-miesniowo-powieziowe-565x313.jpg\" class=\"attachment-roen-m-thumbs size-roen-m-thumbs wp-post-image\" alt=\"\" \/><\/div>\n\t\t\t\t<div class=\"portfolio-tip\">\n\t\t\t\t\t<div class=\"description\">Anatomy trains is a manual slide technique along muscle and fascia trails improving the correlations of particular muscles or parts of the human body.\r\n\r\nAnatomy trains are tracks, paths, lines consist of muscles, fascias or any soft tissues connected together and creating the integrated structure of the human body.\r\n\r\n<strong>Tensegrity<\/strong> is levering the tension of muscles and fascia around skeletal structure for maximum efficient at minimal effort.<\/div>\n\t\t\t\t\t<div class=\"bg\"><\/div>\t\t\t\t\t\n\t\t\t\t<\/div><\/div>\n\t\t\t<div class=\"portfolio-content\">\n\t\t\t\t<h4 class=\"entry-title\" itemprop=\"name\">Anatomy trains<\/h4>\n\t\t\t\t\n\t\t\t<\/div><\/article><article id=\"post-68\" class=\"shortcode-post-entry portfolio-element portfolio-style-3 col-md-6 col-sm-6 col-xs-6 post-68 portfolio type-portfolio status-publish has-post-thumbnail hentry portfolio-cats-metody\" itemscope itemtype=\"http:\/\/schema.org\/CreativeWork\"><div class=\"portfolio-wrap\"><div class=\"portfolio-img\"><img loading=\"lazy\" decoding=\"async\" width=\"565\" height=\"313\" src=\"https:\/\/calvamed.pl\/wp-content\/uploads\/2017\/01\/manipulacje-wisceralne-565x313.jpg\" class=\"attachment-roen-m-thumbs size-roen-m-thumbs wp-post-image\" alt=\"\" \/><\/div>\n\t\t\t\t<div class=\"portfolio-tip\">\n\t\t\t\t\t<div class=\"description\">Visceral manipulation is a gentle manual therapy of internal organs (liver, kidneys, intestines) to release restrictions and unhealthy compensations that cause pain and dysfunction in human\r\nbody. Visceral manipulation is a therapy for mobility and motility internal organs towards the musculoskeletal system to reduce pain, postural distortions and biomechanical dysfunction and also to improve organs functions.<\/div>\n\t\t\t\t\t<div class=\"bg\"><\/div>\t\t\t\t\t\n\t\t\t\t<\/div><\/div>\n\t\t\t<div class=\"portfolio-content\">\n\t\t\t\t<h4 class=\"entry-title\" itemprop=\"name\">Visceral manipulation<\/h4>\n\t\t\t\t\n\t\t\t<\/div><\/article><article id=\"post-69\" class=\"shortcode-post-entry portfolio-element portfolio-style-3 col-md-6 col-sm-6 col-xs-6 post-69 portfolio type-portfolio status-publish has-post-thumbnail hentry portfolio-cats-metody\" itemscope itemtype=\"http:\/\/schema.org\/CreativeWork\"><div class=\"portfolio-wrap\"><div class=\"portfolio-img\"><img loading=\"lazy\" decoding=\"async\" width=\"565\" height=\"313\" src=\"https:\/\/calvamed.pl\/wp-content\/uploads\/2017\/01\/osteopatia-565x313.jpg\" class=\"attachment-roen-m-thumbs size-roen-m-thumbs wp-post-image\" alt=\"\" \/><\/div>\n\t\t\t\t<div class=\"portfolio-tip\">\n\t\t\t\t\t<div class=\"description\">Osteopathy is a part of medicine come into being in XIX century. It's a holistic system of manual examination and treatment human body. Osteopathy treats the man as the whole, taking relations between soma, mind and psyche. The philosophy of osteopathy is a unity among structures and function in human body. Main principles of osteopathy are:\r\n\r\n1) the human organism is a unity,\r\n2) the body has mechanisms of the self-treatment and the self-regulation,\r\n3) the structure and functions of the organism are connected with themselves,\r\n4) the therapeutic process results from three first principles.<\/div>\n\t\t\t\t\t<div class=\"bg\"><\/div>\t\t\t\t\t\n\t\t\t\t<\/div><\/div>\n\t\t\t<div class=\"portfolio-content\">\n\t\t\t\t<h4 class=\"entry-title\" itemprop=\"name\">Osteopathy<\/h4>\n\t\t\t\t\n\t\t\t<\/div><\/article><article id=\"post-70\" class=\"shortcode-post-entry portfolio-element portfolio-style-3 col-md-6 col-sm-6 col-xs-6 post-70 portfolio type-portfolio status-publish has-post-thumbnail hentry portfolio-cats-metody\" itemscope itemtype=\"http:\/\/schema.org\/CreativeWork\"><div class=\"portfolio-wrap\"><div class=\"portfolio-img\"><img loading=\"lazy\" decoding=\"async\" width=\"565\" height=\"313\" src=\"https:\/\/calvamed.pl\/wp-content\/uploads\/2017\/01\/klawiterapia-565x313.jpg\" class=\"attachment-roen-m-thumbs size-roen-m-thumbs wp-post-image\" alt=\"\" \/><\/div>\n\t\t\t\t<div class=\"portfolio-tip\">\n\t\t\t\t\t<div class=\"description\">Claviteraphy is a new medical term created by polish psychologist Ferdynand Barbasiewicz. It's a method based on <strong>reflexotherapy<\/strong> and <strong>acupanctures<\/strong>. Clavitherapy is a dermo-visceral, non- invasive therapy, used in psychological and neurophysiological rehabilitation. It relieves the stress on the central and peripheral nervous system by regulating the electric potentials of\r\nthe body.<\/div>\n\t\t\t\t\t<div class=\"bg\"><\/div>\t\t\t\t\t\n\t\t\t\t<\/div><\/div>\n\t\t\t<div class=\"portfolio-content\">\n\t\t\t\t<h4 class=\"entry-title\" itemprop=\"name\">Claviteraphy<\/h4>\n\t\t\t\t\n\t\t\t<\/div><\/article><\/div><\/div>[\/vc_column][\/vc_row][\/vc_section][vc_section full_width=&#8221;stretch_row&#8221; css=&#8221;.vc_custom_1485892144281{background-image: url(http:\/\/2017.calvamed.pl\/wp-content\/uploads\/2017\/01\/bg3.jpg?id=73) !important;background-position: center !important;background-repeat: no-repeat !important;background-size: cover !important;}&#8221;][vc_row full_width=&#8221;stretch_row&#8221; css=&#8221;.vc_custom_1485459389350{background-color: #555555 !important;}&#8221; el_class=&#8221;section-title&#8221;][vc_column][vc_custom_heading text=&#8221;PRICELIST&#8221; font_container=&#8221;tag:h1|text_align:left|color:%23ffffff&#8221; use_theme_fonts=&#8221;yes&#8221;][\/vc_column][\/vc_row][vc_row el_id=&#8221;cennik&#8221;][vc_column width=&#8221;1\/6&#8243;][\/vc_column][vc_column width=&#8221;2\/3&#8243;][vc_column_text]\n<h3 style=\"text-align: center;\"><strong>Osteopathic consultation\/treatment<\/strong><br \/>\nD.O. Marcin Bebelski (40min) &#8211; 300pln<\/h3>\n<h3 style=\"text-align: center;\"><\/h3>\n[\/vc_column_text][\/vc_column][vc_column width=&#8221;1\/6&#8243;][\/vc_column][\/vc_row][\/vc_section][vc_section full_width=&#8221;stretch_row&#8221; css=&#8221;.vc_custom_1485892261123{padding-bottom: 80px !important;background-image: url(http:\/\/2017.calvamed.pl\/wp-content\/uploads\/2017\/01\/bg4.png?id=71) !important;background-position: 0 0 !important;background-repeat: repeat !important;}&#8221;][vc_row full_width=&#8221;stretch_row&#8221; css=&#8221;.vc_custom_1485459389350{background-color: #555555 !important;}&#8221; el_class=&#8221;section-title&#8221;][vc_column][vc_custom_heading text=&#8221;CONTACT&#8221; font_container=&#8221;tag:h1|text_align:left|color:%23ffffff&#8221; use_theme_fonts=&#8221;yes&#8221;][\/vc_column][\/vc_row][vc_row el_id=&#8221;kontakt&#8221;][vc_column width=&#8221;1\/6&#8243;][\/vc_column][vc_column width=&#8221;2\/3&#8243;][vc_column_text]\n<h2 style=\"text-align: center;\"><strong>Calvamed Marcin Bebelski<\/strong><\/h2>\n<h3 style=\"text-align: center;\"><strong>Phone: <a href=\"tel:48539321327\">+48 539-321-327<\/a><\/strong><br \/>\n<strong>E-mail: <a href=\"mailto:gabinet@calvamed.pl\">gabinet@calvamed.pl<\/a><\/strong><\/h3>\n<h4 style=\"text-align: center;\">GABINET<br \/>\nCALVAMED \/ HOLISTEO GABINET OSTEOPATII<br \/>\nUl. J\u00f3zefa Szanajcy 14 lok 63<br \/>\n03-481 WARSAW<\/h4>\n[\/vc_column_text][\/vc_column][vc_column width=&#8221;1\/6&#8243;][\/vc_column][\/vc_row][\/vc_section]","protected":false},"excerpt":{"rendered":"<p>[vc_row][vc_column][vc_column_text][\/vc_column_text][\/vc_column][\/vc_row][vc_section full_width=&#8221;stretch_row&#8221; css=&#8221;.vc_custom_1485891997957{background-image: url(http:\/\/2017.calvamed.pl\/wp-content\/uploads\/2017\/01\/bg1.png?id=35) !important;background-position: 0 0 !important;background-repeat: repeat !important;}&#8221;][vc_row full_width=&#8221;stretch_row&#8221; css=&#8221;.vc_custom_1485892104577{background-color: #555555 !important;}&#8221; el_class=&#8221;section-title&#8221;][vc_column][vc_custom_heading text=&#8221;ABOUT&#8221; font_container=&#8221;tag:h1|text_align:left|color:%23ffffff&#8221; use_theme_fonts=&#8221;yes&#8221;][\/vc_column][\/vc_row][vc_row el_id=&#8221;o-mnie&#8221;][vc_column][vc_column_text] I was born in Warsaw in the midwinter of 1980. Since I remember I was interested in sport which absorbed most of my time. However, injury of the spine stopped my career. I started thinking, what [&hellip;]<\/p>\n","protected":false},"author":1,"featured_media":0,"parent":0,"menu_order":0,"comment_status":"closed","ping_status":"closed","template":"","meta":{"footnotes":""},"class_list":["post-13","page","type-page","status-publish","hentry"],"yoast_head":"<!-- This site is optimized with the Yoast SEO plugin v26.7 - https:\/\/yoast.com\/wordpress\/plugins\/seo\/ -->\n<title>Osteopatia i fizjoterapia - masa\u017c powi\u0119ziowy, leczenie b\u00f3lu g\u0142owy - Warszawa | Calvamed<\/title>\n<meta name=\"description\" content=\"Calvamed to gabinet fizjoterapeutyczny, lecz\u0119 b\u00f3le \u2013 m.in. g\u0142owy i kr\u0119gos\u0142upa, przeprowadzam rehabilitacj\u0119 po urazach. Wykonuj\u0119 masa\u017ce powi\u0119ziowe i prowadz\u0119 terapi\u0119 wisceraln\u0105 i manualn\u0105.\" \/>\n<meta name=\"robots\" content=\"index, follow, max-snippet:-1, max-image-preview:large, max-video-preview:-1\" \/>\n<link rel=\"canonical\" href=\"http:\/\/calvamed.pl\/\" \/>\n<meta property=\"og:locale\" content=\"en_US\" \/>\n<meta property=\"og:type\" content=\"article\" \/>\n<meta property=\"og:title\" content=\"Osteopatia i fizjoterapia - masa\u017c powi\u0119ziowy, leczenie b\u00f3lu g\u0142owy - Warszawa | Calvamed\" \/>\n<meta property=\"og:description\" content=\"Calvamed to gabinet fizjoterapeutyczny, lecz\u0119 b\u00f3le \u2013 m.in. g\u0142owy i kr\u0119gos\u0142upa, przeprowadzam rehabilitacj\u0119 po urazach. Wykonuj\u0119 masa\u017ce powi\u0119ziowe i prowadz\u0119 terapi\u0119 wisceraln\u0105 i manualn\u0105.\" \/>\n<meta property=\"og:url\" content=\"http:\/\/calvamed.pl\/\" \/>\n<meta property=\"og:site_name\" content=\"CalvaMed\" \/>\n<meta property=\"article:modified_time\" content=\"2026-01-05T14:52:20+00:00\" \/>\n<meta property=\"og:image\" content=\"http:\/\/calvamed.pl\/wp-content\/uploads\/2017\/01\/marcin-bebelski.png\" \/>\n<meta name=\"twitter:card\" content=\"summary_large_image\" \/>\n<meta name=\"twitter:label1\" content=\"Est. reading time\" \/>\n\t<meta name=\"twitter:data1\" content=\"2 minutes\" \/>\n<script type=\"application\/ld+json\" class=\"yoast-schema-graph\">{\"@context\":\"https:\/\/schema.org\",\"@graph\":[{\"@type\":\"WebPage\",\"@id\":\"http:\/\/calvamed.pl\/\",\"url\":\"http:\/\/calvamed.pl\/\",\"name\":\"Osteopatia i fizjoterapia - masa\u017c powi\u0119ziowy, leczenie b\u00f3lu g\u0142owy - Warszawa | Calvamed\",\"isPartOf\":{\"@id\":\"http:\/\/calvamed.pl\/#website\"},\"primaryImageOfPage\":{\"@id\":\"http:\/\/calvamed.pl\/#primaryimage\"},\"image\":{\"@id\":\"http:\/\/calvamed.pl\/#primaryimage\"},\"thumbnailUrl\":\"http:\/\/calvamed.pl\/wp-content\/uploads\/2017\/01\/marcin-bebelski.png\",\"datePublished\":\"2017-01-26T19:11:31+00:00\",\"dateModified\":\"2026-01-05T14:52:20+00:00\",\"description\":\"Calvamed to gabinet fizjoterapeutyczny, lecz\u0119 b\u00f3le \u2013 m.in. g\u0142owy i kr\u0119gos\u0142upa, przeprowadzam rehabilitacj\u0119 po urazach. Wykonuj\u0119 masa\u017ce powi\u0119ziowe i prowadz\u0119 terapi\u0119 wisceraln\u0105 i manualn\u0105.\",\"breadcrumb\":{\"@id\":\"http:\/\/calvamed.pl\/#breadcrumb\"},\"inLanguage\":\"en-US\",\"potentialAction\":[{\"@type\":\"ReadAction\",\"target\":[\"http:\/\/calvamed.pl\/\"]}]},{\"@type\":\"ImageObject\",\"inLanguage\":\"en-US\",\"@id\":\"http:\/\/calvamed.pl\/#primaryimage\",\"url\":\"http:\/\/calvamed.pl\/wp-content\/uploads\/2017\/01\/marcin-bebelski.png\",\"contentUrl\":\"http:\/\/calvamed.pl\/wp-content\/uploads\/2017\/01\/marcin-bebelski.png\"},{\"@type\":\"BreadcrumbList\",\"@id\":\"http:\/\/calvamed.pl\/#breadcrumb\",\"itemListElement\":[{\"@type\":\"ListItem\",\"position\":1,\"name\":\"Strona g\u0142\u00f3wna\",\"item\":\"http:\/\/calvamed.pl\/\"},{\"@type\":\"ListItem\",\"position\":2,\"name\":\"Calvamed\"}]},{\"@type\":\"WebSite\",\"@id\":\"http:\/\/calvamed.pl\/#website\",\"url\":\"http:\/\/calvamed.pl\/\",\"name\":\"CalvaMed\",\"description\":\"Kolejna witryna oparta na WordPressie\",\"potentialAction\":[{\"@type\":\"SearchAction\",\"target\":{\"@type\":\"EntryPoint\",\"urlTemplate\":\"http:\/\/calvamed.pl\/?s={search_term_string}\"},\"query-input\":{\"@type\":\"PropertyValueSpecification\",\"valueRequired\":true,\"valueName\":\"search_term_string\"}}],\"inLanguage\":\"en-US\"}]}<\/script>\n<!-- \/ Yoast SEO plugin. -->","yoast_head_json":{"title":"Osteopatia i fizjoterapia - masa\u017c powi\u0119ziowy, leczenie b\u00f3lu g\u0142owy - Warszawa | Calvamed","description":"Calvamed to gabinet fizjoterapeutyczny, lecz\u0119 b\u00f3le \u2013 m.in. g\u0142owy i kr\u0119gos\u0142upa, przeprowadzam rehabilitacj\u0119 po urazach. Wykonuj\u0119 masa\u017ce powi\u0119ziowe i prowadz\u0119 terapi\u0119 wisceraln\u0105 i manualn\u0105.","robots":{"index":"index","follow":"follow","max-snippet":"max-snippet:-1","max-image-preview":"max-image-preview:large","max-video-preview":"max-video-preview:-1"},"canonical":"http:\/\/calvamed.pl\/","og_locale":"en_US","og_type":"article","og_title":"Osteopatia i fizjoterapia - masa\u017c powi\u0119ziowy, leczenie b\u00f3lu g\u0142owy - Warszawa | Calvamed","og_description":"Calvamed to gabinet fizjoterapeutyczny, lecz\u0119 b\u00f3le \u2013 m.in. g\u0142owy i kr\u0119gos\u0142upa, przeprowadzam rehabilitacj\u0119 po urazach. Wykonuj\u0119 masa\u017ce powi\u0119ziowe i prowadz\u0119 terapi\u0119 wisceraln\u0105 i manualn\u0105.","og_url":"http:\/\/calvamed.pl\/","og_site_name":"CalvaMed","article_modified_time":"2026-01-05T14:52:20+00:00","og_image":[{"url":"http:\/\/calvamed.pl\/wp-content\/uploads\/2017\/01\/marcin-bebelski.png","type":"","width":"","height":""}],"twitter_card":"summary_large_image","twitter_misc":{"Est. reading time":"2 minutes"},"schema":{"@context":"https:\/\/schema.org","@graph":[{"@type":"WebPage","@id":"http:\/\/calvamed.pl\/","url":"http:\/\/calvamed.pl\/","name":"Osteopatia i fizjoterapia - masa\u017c powi\u0119ziowy, leczenie b\u00f3lu g\u0142owy - Warszawa | Calvamed","isPartOf":{"@id":"http:\/\/calvamed.pl\/#website"},"primaryImageOfPage":{"@id":"http:\/\/calvamed.pl\/#primaryimage"},"image":{"@id":"http:\/\/calvamed.pl\/#primaryimage"},"thumbnailUrl":"http:\/\/calvamed.pl\/wp-content\/uploads\/2017\/01\/marcin-bebelski.png","datePublished":"2017-01-26T19:11:31+00:00","dateModified":"2026-01-05T14:52:20+00:00","description":"Calvamed to gabinet fizjoterapeutyczny, lecz\u0119 b\u00f3le \u2013 m.in. g\u0142owy i kr\u0119gos\u0142upa, przeprowadzam rehabilitacj\u0119 po urazach. Wykonuj\u0119 masa\u017ce powi\u0119ziowe i prowadz\u0119 terapi\u0119 wisceraln\u0105 i manualn\u0105.","breadcrumb":{"@id":"http:\/\/calvamed.pl\/#breadcrumb"},"inLanguage":"en-US","potentialAction":[{"@type":"ReadAction","target":["http:\/\/calvamed.pl\/"]}]},{"@type":"ImageObject","inLanguage":"en-US","@id":"http:\/\/calvamed.pl\/#primaryimage","url":"http:\/\/calvamed.pl\/wp-content\/uploads\/2017\/01\/marcin-bebelski.png","contentUrl":"http:\/\/calvamed.pl\/wp-content\/uploads\/2017\/01\/marcin-bebelski.png"},{"@type":"BreadcrumbList","@id":"http:\/\/calvamed.pl\/#breadcrumb","itemListElement":[{"@type":"ListItem","position":1,"name":"Strona g\u0142\u00f3wna","item":"http:\/\/calvamed.pl\/"},{"@type":"ListItem","position":2,"name":"Calvamed"}]},{"@type":"WebSite","@id":"http:\/\/calvamed.pl\/#website","url":"http:\/\/calvamed.pl\/","name":"CalvaMed","description":"Kolejna witryna oparta na WordPressie","potentialAction":[{"@type":"SearchAction","target":{"@type":"EntryPoint","urlTemplate":"http:\/\/calvamed.pl\/?s={search_term_string}"},"query-input":{"@type":"PropertyValueSpecification","valueRequired":true,"valueName":"search_term_string"}}],"inLanguage":"en-US"}]}},"_links":{"self":[{"href":"https:\/\/calvamed.pl\/en\/wp-json\/wp\/v2\/pages\/13","targetHints":{"allow":["GET"]}}],"collection":[{"href":"https:\/\/calvamed.pl\/en\/wp-json\/wp\/v2\/pages"}],"about":[{"href":"https:\/\/calvamed.pl\/en\/wp-json\/wp\/v2\/types\/page"}],"author":[{"embeddable":true,"href":"https:\/\/calvamed.pl\/en\/wp-json\/wp\/v2\/users\/1"}],"replies":[{"embeddable":true,"href":"https:\/\/calvamed.pl\/en\/wp-json\/wp\/v2\/comments?post=13"}],"version-history":[{"count":112,"href":"https:\/\/calvamed.pl\/en\/wp-json\/wp\/v2\/pages\/13\/revisions"}],"predecessor-version":[{"id":308,"href":"https:\/\/calvamed.pl\/en\/wp-json\/wp\/v2\/pages\/13\/revisions\/308"}],"wp:attachment":[{"href":"https:\/\/calvamed.pl\/en\/wp-json\/wp\/v2\/media?parent=13"}],"curies":[{"name":"wp","href":"https:\/\/api.w.org\/{rel}","templated":true}]}}