{"id":185,"date":"2021-02-19T11:25:16","date_gmt":"2021-02-19T10:25:16","guid":{"rendered":"http:\/\/calvamed.pl\/?page_id=185"},"modified":"2021-07-20T09:23:39","modified_gmt":"2021-07-20T07:23:39","slug":"osteopatia","status":"publish","type":"page","link":"https:\/\/calvamed.pl\/en\/oferta\/osteopatia\/","title":{"rendered":"Osteopatia"},"content":{"rendered":"<div class=\"description-seo\">\n<h2><strong>Osteopatia<\/strong> w\u00a0<strong>Warszawie<\/strong><\/h2>\n<p><strong>Osteopatia<\/strong> jest cz\u0119\u015bci\u0105 medycyny, powsta\u0142a pod\u00a0koniec XIX\u00a0wieku. Zajmuje si\u0119\u00a0badaniem i\u00a0leczeniem cz\u0142owieka poprzez techniki manualne. <strong>Osteopatia<\/strong> traktuje cz\u0142owieka jako ca\u0142o\u015b\u0107, uwzgl\u0119dniaj\u0105c zale\u017cno\u015bci pomi\u0119dzy cia\u0142em, psychik\u0105 i\u00a0umys\u0142em, dzi\u0119ki czemu leczy ca\u0142ego cz\u0142owieka, a\u00a0nie\u00a0tylko objawy. Filozofi\u0105 osteopatii jest jedno\u015b\u0107 i\u00a0powi\u0105zanie struktury (anatomii) i\u00a0funkcji (fizjologii) ludzkiego organizmu. G\u0142\u00f3wne zasady <strong>osteopatii<\/strong> to:<\/p>\n<ul>\n<li>organizm ludzki jest jedno\u015bci\u0105,<\/li>\n<li>cia\u0142o posiada mechanizmy samoleczenia i\u00a0samoregulacji,<\/li>\n<li>budowa i\u00a0funkcje organizmu s\u0105\u00a0ze\u00a0sob\u0105 powi\u0105zane,<\/li>\n<li>proces terapeutyczny wynika z\u00a0trzech pierwszych zasad.<\/li>\n<\/ul>\n<p>Zach\u0119camy Pacjent\u00f3w z\u00a0<strong>Warszawy<\/strong> do\u00a0kontaktu.<\/p>\n<h2>Profesjonalny <strong>osteopata<\/strong>? Tylko w\u00a0Calvamed!<\/h2>\n<p>Je\u017celi szukasz w\u00a0<strong>Warszawie<\/strong> <a href=\"\/\">do\u015bwiadczonego terapeuty<\/a>, kt\u00f3ry pomo\u017ce Ci\u00a0znale\u017a\u0107 przyczyn\u0119 dolegliwo\u015bci, a\u00a0dzi\u0119ki umiej\u0119tno\u015bciom przyniesie ulg\u0119 i\u00a0zapocz\u0105tkuje procesy naprawcze organizmu, koniecznie sprawd\u017a dost\u0119pne terminy w\u00a0naszym gabinecie! <strong>Osteopata<\/strong> pomo\u017ce upora\u0107 si\u0119\u00a0z\u00a0takimi dolegliwo\u015bciami, jak: dyskopatia, rwa\u00a0kulszowa, b\u00f3le staw\u00f3w, migreny, stany po\u00a0urazach oraz z\u00a0wieloma innymi.<\/p>\n<h2><strong>Osteopatia<\/strong> dla\u00a0Pacjent\u00f3w z\u00a0<strong>Warszawy<\/strong> i\u00a0okolic<\/h2>\n<p>Znajomo\u015b\u0107 technik <strong>osteopatii<\/strong> pozwala nam\u00a0przywraca\u0107 sprawno\u015b\u0107 Pacjentom nie\u00a0tylko z\u00a0<strong>Warszawy<\/strong>, ale\u00a0r\u00f3wnie\u017c okolic. Metody u\u017cywane w\u00a0osteopatii s\u0105\u00a0skuteczne r\u00f3wnie\u017c w\u00a0terapii niekt\u00f3rych schorze\u0144 dzieci\u0119cych. Przeciwwskaza\u0144 do\u00a0podj\u0119cia terapii nie\u00a0ma\u00a0zbyt wielu, jednak warto zdawa\u0107 sobie z\u00a0nich spraw\u0119, zanim wybierzemy si\u0119\u00a0do\u00a0gabinetu. Nale\u017c\u0105 do\u00a0nich: pierwszy trymestr ci\u0105\u017cy, stan chorobowy wymagaj\u0105cy interwencji lekarza oraz zaawansowane choroby psychiczne. Masz pytania? <a href=\"\/\">Skontaktuj si\u0119\u00a0z\u00a0nami!<\/a><\/p>\n<\/div>\n","protected":false},"excerpt":{"rendered":"<p>Osteopatia w\u00a0Warszawie Osteopatia jest cz\u0119\u015bci\u0105 medycyny, powsta\u0142a pod\u00a0koniec XIX\u00a0wieku. Zajmuje si\u0119\u00a0badaniem i\u00a0leczeniem cz\u0142owieka poprzez techniki manualne. Osteopatia traktuje cz\u0142owieka jako ca\u0142o\u015b\u0107, uwzgl\u0119dniaj\u0105c zale\u017cno\u015bci pomi\u0119dzy cia\u0142em, psychik\u0105 i\u00a0umys\u0142em, dzi\u0119ki czemu leczy ca\u0142ego cz\u0142owieka, a\u00a0nie\u00a0tylko objawy. Filozofi\u0105 osteopatii jest jedno\u015b\u0107 i\u00a0powi\u0105zanie struktury (anatomii) i\u00a0funkcji (fizjologii) ludzkiego organizmu. G\u0142\u00f3wne zasady osteopatii to: organizm ludzki jest jedno\u015bci\u0105, cia\u0142o posiada [&hellip;]<\/p>\n","protected":false},"author":3,"featured_media":0,"parent":182,"menu_order":0,"comment_status":"closed","ping_status":"closed","template":"","meta":{"footnotes":""},"class_list":["post-185","page","type-page","status-publish","hentry"],"yoast_head":"<!-- This site is optimized with the Yoast SEO plugin v26.7 - https:\/\/yoast.com\/wordpress\/plugins\/seo\/ -->\n<title>Osteopatia - CalvaMed<\/title>\n<meta name=\"robots\" content=\"index, follow, max-snippet:-1, max-image-preview:large, max-video-preview:-1\" \/>\n<link rel=\"canonical\" href=\"http:\/\/calvamed.pl\/oferta\/osteopatia\/\" \/>\n<meta property=\"og:locale\" content=\"en_US\" \/>\n<meta property=\"og:type\" content=\"article\" \/>\n<meta property=\"og:title\" content=\"Osteopatia - CalvaMed\" \/>\n<meta property=\"og:description\" content=\"Osteopatia w\u00a0Warszawie Osteopatia jest cz\u0119\u015bci\u0105 medycyny, powsta\u0142a pod\u00a0koniec XIX\u00a0wieku. Zajmuje si\u0119\u00a0badaniem i\u00a0leczeniem cz\u0142owieka poprzez techniki manualne. Osteopatia traktuje cz\u0142owieka jako ca\u0142o\u015b\u0107, uwzgl\u0119dniaj\u0105c zale\u017cno\u015bci pomi\u0119dzy cia\u0142em, psychik\u0105 i\u00a0umys\u0142em, dzi\u0119ki czemu leczy ca\u0142ego cz\u0142owieka, a\u00a0nie\u00a0tylko objawy. Filozofi\u0105 osteopatii jest jedno\u015b\u0107 i\u00a0powi\u0105zanie struktury (anatomii) i\u00a0funkcji (fizjologii) ludzkiego organizmu. G\u0142\u00f3wne zasady osteopatii to: organizm ludzki jest jedno\u015bci\u0105, cia\u0142o posiada [&hellip;]\" \/>\n<meta property=\"og:url\" content=\"http:\/\/calvamed.pl\/oferta\/osteopatia\/\" \/>\n<meta property=\"og:site_name\" content=\"CalvaMed\" \/>\n<meta property=\"article:modified_time\" content=\"2021-07-20T07:23:39+00:00\" \/>\n<meta name=\"twitter:card\" content=\"summary_large_image\" \/>\n<meta name=\"twitter:label1\" content=\"Est. reading time\" \/>\n\t<meta name=\"twitter:data1\" content=\"1 minute\" \/>\n<script type=\"application\/ld+json\" class=\"yoast-schema-graph\">{\"@context\":\"https:\/\/schema.org\",\"@graph\":[{\"@type\":\"WebPage\",\"@id\":\"http:\/\/calvamed.pl\/oferta\/osteopatia\/\",\"url\":\"http:\/\/calvamed.pl\/oferta\/osteopatia\/\",\"name\":\"Osteopatia - CalvaMed\",\"isPartOf\":{\"@id\":\"http:\/\/calvamed.pl\/#website\"},\"datePublished\":\"2021-02-19T10:25:16+00:00\",\"dateModified\":\"2021-07-20T07:23:39+00:00\",\"breadcrumb\":{\"@id\":\"http:\/\/calvamed.pl\/oferta\/osteopatia\/#breadcrumb\"},\"inLanguage\":\"en-US\",\"potentialAction\":[{\"@type\":\"ReadAction\",\"target\":[\"http:\/\/calvamed.pl\/oferta\/osteopatia\/\"]}]},{\"@type\":\"BreadcrumbList\",\"@id\":\"http:\/\/calvamed.pl\/oferta\/osteopatia\/#breadcrumb\",\"itemListElement\":[{\"@type\":\"ListItem\",\"position\":1,\"name\":\"Strona g\u0142\u00f3wna\",\"item\":\"http:\/\/calvamed.pl\/\"},{\"@type\":\"ListItem\",\"position\":2,\"name\":\"Oferta\",\"item\":\"http:\/\/calvamed.pl\/oferta\/\"},{\"@type\":\"ListItem\",\"position\":3,\"name\":\"Osteopatia\"}]},{\"@type\":\"WebSite\",\"@id\":\"http:\/\/calvamed.pl\/#website\",\"url\":\"http:\/\/calvamed.pl\/\",\"name\":\"CalvaMed\",\"description\":\"Kolejna witryna oparta na WordPressie\",\"potentialAction\":[{\"@type\":\"SearchAction\",\"target\":{\"@type\":\"EntryPoint\",\"urlTemplate\":\"http:\/\/calvamed.pl\/?s={search_term_string}\"},\"query-input\":{\"@type\":\"PropertyValueSpecification\",\"valueRequired\":true,\"valueName\":\"search_term_string\"}}],\"inLanguage\":\"en-US\"}]}<\/script>\n<!-- \/ Yoast SEO plugin. -->","yoast_head_json":{"title":"Osteopatia - CalvaMed","robots":{"index":"index","follow":"follow","max-snippet":"max-snippet:-1","max-image-preview":"max-image-preview:large","max-video-preview":"max-video-preview:-1"},"canonical":"http:\/\/calvamed.pl\/oferta\/osteopatia\/","og_locale":"en_US","og_type":"article","og_title":"Osteopatia - CalvaMed","og_description":"Osteopatia w\u00a0Warszawie Osteopatia jest cz\u0119\u015bci\u0105 medycyny, powsta\u0142a pod\u00a0koniec XIX\u00a0wieku. Zajmuje si\u0119\u00a0badaniem i\u00a0leczeniem cz\u0142owieka poprzez techniki manualne. Osteopatia traktuje cz\u0142owieka jako ca\u0142o\u015b\u0107, uwzgl\u0119dniaj\u0105c zale\u017cno\u015bci pomi\u0119dzy cia\u0142em, psychik\u0105 i\u00a0umys\u0142em, dzi\u0119ki czemu leczy ca\u0142ego cz\u0142owieka, a\u00a0nie\u00a0tylko objawy. Filozofi\u0105 osteopatii jest jedno\u015b\u0107 i\u00a0powi\u0105zanie struktury (anatomii) i\u00a0funkcji (fizjologii) ludzkiego organizmu. G\u0142\u00f3wne zasady osteopatii to: organizm ludzki jest jedno\u015bci\u0105, cia\u0142o posiada [&hellip;]","og_url":"http:\/\/calvamed.pl\/oferta\/osteopatia\/","og_site_name":"CalvaMed","article_modified_time":"2021-07-20T07:23:39+00:00","twitter_card":"summary_large_image","twitter_misc":{"Est. reading time":"1 minute"},"schema":{"@context":"https:\/\/schema.org","@graph":[{"@type":"WebPage","@id":"http:\/\/calvamed.pl\/oferta\/osteopatia\/","url":"http:\/\/calvamed.pl\/oferta\/osteopatia\/","name":"Osteopatia - CalvaMed","isPartOf":{"@id":"http:\/\/calvamed.pl\/#website"},"datePublished":"2021-02-19T10:25:16+00:00","dateModified":"2021-07-20T07:23:39+00:00","breadcrumb":{"@id":"http:\/\/calvamed.pl\/oferta\/osteopatia\/#breadcrumb"},"inLanguage":"en-US","potentialAction":[{"@type":"ReadAction","target":["http:\/\/calvamed.pl\/oferta\/osteopatia\/"]}]},{"@type":"BreadcrumbList","@id":"http:\/\/calvamed.pl\/oferta\/osteopatia\/#breadcrumb","itemListElement":[{"@type":"ListItem","position":1,"name":"Strona g\u0142\u00f3wna","item":"http:\/\/calvamed.pl\/"},{"@type":"ListItem","position":2,"name":"Oferta","item":"http:\/\/calvamed.pl\/oferta\/"},{"@type":"ListItem","position":3,"name":"Osteopatia"}]},{"@type":"WebSite","@id":"http:\/\/calvamed.pl\/#website","url":"http:\/\/calvamed.pl\/","name":"CalvaMed","description":"Kolejna witryna oparta na WordPressie","potentialAction":[{"@type":"SearchAction","target":{"@type":"EntryPoint","urlTemplate":"http:\/\/calvamed.pl\/?s={search_term_string}"},"query-input":{"@type":"PropertyValueSpecification","valueRequired":true,"valueName":"search_term_string"}}],"inLanguage":"en-US"}]}},"_links":{"self":[{"href":"https:\/\/calvamed.pl\/en\/wp-json\/wp\/v2\/pages\/185","targetHints":{"allow":["GET"]}}],"collection":[{"href":"https:\/\/calvamed.pl\/en\/wp-json\/wp\/v2\/pages"}],"about":[{"href":"https:\/\/calvamed.pl\/en\/wp-json\/wp\/v2\/types\/page"}],"author":[{"embeddable":true,"href":"https:\/\/calvamed.pl\/en\/wp-json\/wp\/v2\/users\/3"}],"replies":[{"embeddable":true,"href":"https:\/\/calvamed.pl\/en\/wp-json\/wp\/v2\/comments?post=185"}],"version-history":[{"count":15,"href":"https:\/\/calvamed.pl\/en\/wp-json\/wp\/v2\/pages\/185\/revisions"}],"predecessor-version":[{"id":248,"href":"https:\/\/calvamed.pl\/en\/wp-json\/wp\/v2\/pages\/185\/revisions\/248"}],"up":[{"embeddable":true,"href":"https:\/\/calvamed.pl\/en\/wp-json\/wp\/v2\/pages\/182"}],"wp:attachment":[{"href":"https:\/\/calvamed.pl\/en\/wp-json\/wp\/v2\/media?parent=185"}],"curies":[{"name":"wp","href":"https:\/\/api.w.org\/{rel}","templated":true}]}}