{"id":200,"date":"2021-02-19T11:40:22","date_gmt":"2021-02-19T10:40:22","guid":{"rendered":"http:\/\/calvamed.pl\/?page_id=200"},"modified":"2021-07-20T09:22:13","modified_gmt":"2021-07-20T07:22:13","slug":"ortopedyczna-terapia-manualna-kaltenbornevjenth","status":"publish","type":"page","link":"https:\/\/calvamed.pl\/en\/oferta\/ortopedyczna-terapia-manualna-kaltenbornevjenth\/","title":{"rendered":"Ortopedyczna Terapia Manualna Kaltenborn&#038;Evjenth"},"content":{"rendered":"<div class=\"description-seo\">\n<h2><strong>Terapia manualna<\/strong> metod\u0105 Kaltenborn&amp;Evjenth<\/h2>\n<p>Zmagasz si\u0119\u00a0z\u00a0b\u00f3lami stawowo-mi\u0119\u015bniowymi, ograniczon\u0105 ruchomo\u015bci\u0105 lub\u00a0wr\u0119cz przeciwnie \u2013 brakiem stabilizacji w\u00a0stawach? Skorzystaj z\u00a0mo\u017cliwo\u015bci, jakie daje <strong>terapia manualna<\/strong> metod\u0105 Kaltenborn&amp;Evjenth. W\u00a0moim gabinecie w\u00a0<strong>Warszawie<\/strong> pracuj\u0119 z\u00a0Pacjentami, wspomagaj\u0105c ich\u00a0masa\u017cem, czynnym zmniejszaniem napi\u0119cia mi\u0119\u015bniowego, rozlu\u017anianiem mi\u0119\u015bni. Podczas sesji wykonuj\u0119 z\u00a0chorym \u0107wiczenia pozwalaj\u0105ce poprawi\u0107 lub\u00a0utrzyma\u0107 prawid\u0142owy zakres ruch\u00f3w w\u00a0leczonym stawie. W\u00a0celu zwi\u0119kszenia skuteczno\u015bci <strong>terapii<\/strong> wykorzystuj\u0119 akcesoria takie jak\u00a0pasy OMT\u00a0(pasy do\u00a0Ortopedycznej <strong>Terapii Manualnej<\/strong>).<\/p>\n<h2>Wskazania do\u00a0rozpocz\u0119cia <strong>terapii manualnej<\/strong><\/h2>\n<p>Do najcz\u0119stszych wskaza\u0144, kt\u00f3re kwalifikuj\u0105 Pacjenta do\u00a0rozpocz\u0119cia <strong>terapii manualnej<\/strong> metod\u0105 Kaltenborn&amp;Evjenth, nale\u017c\u0105:<\/p>\n<ul>\n<li>dolegliwo\u015bci b\u00f3lowe,<\/li>\n<li>hypomobilno\u015b\u0107, czyli mo\u017cliwe do\u00a0wyleczenia ograniczenie ruchomo\u015bci stawu,<\/li>\n<li>rehabilitacja wspomagaj\u0105ca utrzymanie ruchomo\u015bci w\u00a0stawie,<\/li>\n<li>potrzeba eliminacji post\u0119puj\u0105cego sztywnienia staw\u00f3w.<\/li>\n<\/ul>\n<p>Je\u017celi potrzebujesz pomocy w\u00a0zakresie usprawnienia pracy uk\u0142adu kostnego \u2013 zapraszam na\u00a0wizyt\u0119 do\u00a0<a href=\"\/\">mojego gabinetu na\u00a0terenie <strong>Warszawy<\/strong><\/a>. Gwarantuj\u0119 kompleksowe podej\u015bcie do\u00a0problemu i\u00a0skuteczn\u0105 <strong>terapi\u0119<\/strong>.<\/p>\n<\/div>\n","protected":false},"excerpt":{"rendered":"<p>Terapia manualna metod\u0105 Kaltenborn&amp;Evjenth Zmagasz si\u0119\u00a0z\u00a0b\u00f3lami stawowo-mi\u0119\u015bniowymi, ograniczon\u0105 ruchomo\u015bci\u0105 lub\u00a0wr\u0119cz przeciwnie \u2013 brakiem stabilizacji w\u00a0stawach? Skorzystaj z\u00a0mo\u017cliwo\u015bci, jakie daje terapia manualna metod\u0105 Kaltenborn&amp;Evjenth. W\u00a0moim gabinecie w\u00a0Warszawie pracuj\u0119 z\u00a0Pacjentami, wspomagaj\u0105c ich\u00a0masa\u017cem, czynnym zmniejszaniem napi\u0119cia mi\u0119\u015bniowego, rozlu\u017anianiem mi\u0119\u015bni. Podczas sesji wykonuj\u0119 z\u00a0chorym \u0107wiczenia pozwalaj\u0105ce poprawi\u0107 lub\u00a0utrzyma\u0107 prawid\u0142owy zakres ruch\u00f3w w\u00a0leczonym stawie. W\u00a0celu zwi\u0119kszenia skuteczno\u015bci terapii wykorzystuj\u0119 akcesoria [&hellip;]<\/p>\n","protected":false},"author":3,"featured_media":0,"parent":182,"menu_order":0,"comment_status":"closed","ping_status":"closed","template":"","meta":{"footnotes":""},"class_list":["post-200","page","type-page","status-publish","hentry"],"yoast_head":"<!-- This site is optimized with the Yoast SEO plugin v26.7 - https:\/\/yoast.com\/wordpress\/plugins\/seo\/ -->\n<title>Ortopedyczna Terapia Manualna Kaltenborn&amp;Evjenth - CalvaMed<\/title>\n<meta name=\"robots\" content=\"index, follow, max-snippet:-1, max-image-preview:large, max-video-preview:-1\" \/>\n<link rel=\"canonical\" href=\"http:\/\/calvamed.pl\/oferta\/ortopedyczna-terapia-manualna-kaltenbornevjenth\/\" \/>\n<meta property=\"og:locale\" content=\"en_US\" \/>\n<meta property=\"og:type\" content=\"article\" \/>\n<meta property=\"og:title\" content=\"Ortopedyczna Terapia Manualna Kaltenborn&amp;Evjenth - CalvaMed\" \/>\n<meta property=\"og:description\" content=\"Terapia manualna metod\u0105 Kaltenborn&amp;Evjenth Zmagasz si\u0119\u00a0z\u00a0b\u00f3lami stawowo-mi\u0119\u015bniowymi, ograniczon\u0105 ruchomo\u015bci\u0105 lub\u00a0wr\u0119cz przeciwnie \u2013 brakiem stabilizacji w\u00a0stawach? Skorzystaj z\u00a0mo\u017cliwo\u015bci, jakie daje terapia manualna metod\u0105 Kaltenborn&amp;Evjenth. W\u00a0moim gabinecie w\u00a0Warszawie pracuj\u0119 z\u00a0Pacjentami, wspomagaj\u0105c ich\u00a0masa\u017cem, czynnym zmniejszaniem napi\u0119cia mi\u0119\u015bniowego, rozlu\u017anianiem mi\u0119\u015bni. Podczas sesji wykonuj\u0119 z\u00a0chorym \u0107wiczenia pozwalaj\u0105ce poprawi\u0107 lub\u00a0utrzyma\u0107 prawid\u0142owy zakres ruch\u00f3w w\u00a0leczonym stawie. W\u00a0celu zwi\u0119kszenia skuteczno\u015bci terapii wykorzystuj\u0119 akcesoria [&hellip;]\" \/>\n<meta property=\"og:url\" content=\"http:\/\/calvamed.pl\/oferta\/ortopedyczna-terapia-manualna-kaltenbornevjenth\/\" \/>\n<meta property=\"og:site_name\" content=\"CalvaMed\" \/>\n<meta property=\"article:modified_time\" content=\"2021-07-20T07:22:13+00:00\" \/>\n<meta name=\"twitter:card\" content=\"summary_large_image\" \/>\n<meta name=\"twitter:label1\" content=\"Est. reading time\" \/>\n\t<meta name=\"twitter:data1\" content=\"1 minute\" \/>\n<script type=\"application\/ld+json\" class=\"yoast-schema-graph\">{\"@context\":\"https:\/\/schema.org\",\"@graph\":[{\"@type\":\"WebPage\",\"@id\":\"http:\/\/calvamed.pl\/oferta\/ortopedyczna-terapia-manualna-kaltenbornevjenth\/\",\"url\":\"http:\/\/calvamed.pl\/oferta\/ortopedyczna-terapia-manualna-kaltenbornevjenth\/\",\"name\":\"Ortopedyczna Terapia Manualna Kaltenborn&Evjenth - CalvaMed\",\"isPartOf\":{\"@id\":\"http:\/\/calvamed.pl\/#website\"},\"datePublished\":\"2021-02-19T10:40:22+00:00\",\"dateModified\":\"2021-07-20T07:22:13+00:00\",\"breadcrumb\":{\"@id\":\"http:\/\/calvamed.pl\/oferta\/ortopedyczna-terapia-manualna-kaltenbornevjenth\/#breadcrumb\"},\"inLanguage\":\"en-US\",\"potentialAction\":[{\"@type\":\"ReadAction\",\"target\":[\"http:\/\/calvamed.pl\/oferta\/ortopedyczna-terapia-manualna-kaltenbornevjenth\/\"]}]},{\"@type\":\"BreadcrumbList\",\"@id\":\"http:\/\/calvamed.pl\/oferta\/ortopedyczna-terapia-manualna-kaltenbornevjenth\/#breadcrumb\",\"itemListElement\":[{\"@type\":\"ListItem\",\"position\":1,\"name\":\"Strona g\u0142\u00f3wna\",\"item\":\"http:\/\/calvamed.pl\/\"},{\"@type\":\"ListItem\",\"position\":2,\"name\":\"Oferta\",\"item\":\"http:\/\/calvamed.pl\/oferta\/\"},{\"@type\":\"ListItem\",\"position\":3,\"name\":\"Ortopedyczna Terapia Manualna Kaltenborn&#038;Evjenth\"}]},{\"@type\":\"WebSite\",\"@id\":\"http:\/\/calvamed.pl\/#website\",\"url\":\"http:\/\/calvamed.pl\/\",\"name\":\"CalvaMed\",\"description\":\"Kolejna witryna oparta na WordPressie\",\"potentialAction\":[{\"@type\":\"SearchAction\",\"target\":{\"@type\":\"EntryPoint\",\"urlTemplate\":\"http:\/\/calvamed.pl\/?s={search_term_string}\"},\"query-input\":{\"@type\":\"PropertyValueSpecification\",\"valueRequired\":true,\"valueName\":\"search_term_string\"}}],\"inLanguage\":\"en-US\"}]}<\/script>\n<!-- \/ Yoast SEO plugin. -->","yoast_head_json":{"title":"Ortopedyczna Terapia Manualna Kaltenborn&Evjenth - CalvaMed","robots":{"index":"index","follow":"follow","max-snippet":"max-snippet:-1","max-image-preview":"max-image-preview:large","max-video-preview":"max-video-preview:-1"},"canonical":"http:\/\/calvamed.pl\/oferta\/ortopedyczna-terapia-manualna-kaltenbornevjenth\/","og_locale":"en_US","og_type":"article","og_title":"Ortopedyczna Terapia Manualna Kaltenborn&Evjenth - CalvaMed","og_description":"Terapia manualna metod\u0105 Kaltenborn&amp;Evjenth Zmagasz si\u0119\u00a0z\u00a0b\u00f3lami stawowo-mi\u0119\u015bniowymi, ograniczon\u0105 ruchomo\u015bci\u0105 lub\u00a0wr\u0119cz przeciwnie \u2013 brakiem stabilizacji w\u00a0stawach? Skorzystaj z\u00a0mo\u017cliwo\u015bci, jakie daje terapia manualna metod\u0105 Kaltenborn&amp;Evjenth. W\u00a0moim gabinecie w\u00a0Warszawie pracuj\u0119 z\u00a0Pacjentami, wspomagaj\u0105c ich\u00a0masa\u017cem, czynnym zmniejszaniem napi\u0119cia mi\u0119\u015bniowego, rozlu\u017anianiem mi\u0119\u015bni. Podczas sesji wykonuj\u0119 z\u00a0chorym \u0107wiczenia pozwalaj\u0105ce poprawi\u0107 lub\u00a0utrzyma\u0107 prawid\u0142owy zakres ruch\u00f3w w\u00a0leczonym stawie. W\u00a0celu zwi\u0119kszenia skuteczno\u015bci terapii wykorzystuj\u0119 akcesoria [&hellip;]","og_url":"http:\/\/calvamed.pl\/oferta\/ortopedyczna-terapia-manualna-kaltenbornevjenth\/","og_site_name":"CalvaMed","article_modified_time":"2021-07-20T07:22:13+00:00","twitter_card":"summary_large_image","twitter_misc":{"Est. reading time":"1 minute"},"schema":{"@context":"https:\/\/schema.org","@graph":[{"@type":"WebPage","@id":"http:\/\/calvamed.pl\/oferta\/ortopedyczna-terapia-manualna-kaltenbornevjenth\/","url":"http:\/\/calvamed.pl\/oferta\/ortopedyczna-terapia-manualna-kaltenbornevjenth\/","name":"Ortopedyczna Terapia Manualna Kaltenborn&Evjenth - CalvaMed","isPartOf":{"@id":"http:\/\/calvamed.pl\/#website"},"datePublished":"2021-02-19T10:40:22+00:00","dateModified":"2021-07-20T07:22:13+00:00","breadcrumb":{"@id":"http:\/\/calvamed.pl\/oferta\/ortopedyczna-terapia-manualna-kaltenbornevjenth\/#breadcrumb"},"inLanguage":"en-US","potentialAction":[{"@type":"ReadAction","target":["http:\/\/calvamed.pl\/oferta\/ortopedyczna-terapia-manualna-kaltenbornevjenth\/"]}]},{"@type":"BreadcrumbList","@id":"http:\/\/calvamed.pl\/oferta\/ortopedyczna-terapia-manualna-kaltenbornevjenth\/#breadcrumb","itemListElement":[{"@type":"ListItem","position":1,"name":"Strona g\u0142\u00f3wna","item":"http:\/\/calvamed.pl\/"},{"@type":"ListItem","position":2,"name":"Oferta","item":"http:\/\/calvamed.pl\/oferta\/"},{"@type":"ListItem","position":3,"name":"Ortopedyczna Terapia Manualna Kaltenborn&#038;Evjenth"}]},{"@type":"WebSite","@id":"http:\/\/calvamed.pl\/#website","url":"http:\/\/calvamed.pl\/","name":"CalvaMed","description":"Kolejna witryna oparta na WordPressie","potentialAction":[{"@type":"SearchAction","target":{"@type":"EntryPoint","urlTemplate":"http:\/\/calvamed.pl\/?s={search_term_string}"},"query-input":{"@type":"PropertyValueSpecification","valueRequired":true,"valueName":"search_term_string"}}],"inLanguage":"en-US"}]}},"_links":{"self":[{"href":"https:\/\/calvamed.pl\/en\/wp-json\/wp\/v2\/pages\/200","targetHints":{"allow":["GET"]}}],"collection":[{"href":"https:\/\/calvamed.pl\/en\/wp-json\/wp\/v2\/pages"}],"about":[{"href":"https:\/\/calvamed.pl\/en\/wp-json\/wp\/v2\/types\/page"}],"author":[{"embeddable":true,"href":"https:\/\/calvamed.pl\/en\/wp-json\/wp\/v2\/users\/3"}],"replies":[{"embeddable":true,"href":"https:\/\/calvamed.pl\/en\/wp-json\/wp\/v2\/comments?post=200"}],"version-history":[{"count":13,"href":"https:\/\/calvamed.pl\/en\/wp-json\/wp\/v2\/pages\/200\/revisions"}],"predecessor-version":[{"id":247,"href":"https:\/\/calvamed.pl\/en\/wp-json\/wp\/v2\/pages\/200\/revisions\/247"}],"up":[{"embeddable":true,"href":"https:\/\/calvamed.pl\/en\/wp-json\/wp\/v2\/pages\/182"}],"wp:attachment":[{"href":"https:\/\/calvamed.pl\/en\/wp-json\/wp\/v2\/media?parent=200"}],"curies":[{"name":"wp","href":"https:\/\/api.w.org\/{rel}","templated":true}]}}