{"id":219,"date":"2021-02-19T12:20:54","date_gmt":"2021-02-19T11:20:54","guid":{"rendered":"http:\/\/calvamed.pl\/?page_id=219"},"modified":"2021-07-20T09:24:58","modified_gmt":"2021-07-20T07:24:58","slug":"terapia-punktow-spustowych-i-suchej-igloterapii","status":"publish","type":"page","link":"https:\/\/calvamed.pl\/en\/oferta\/terapia-punktow-spustowych-i-suchej-igloterapii\/","title":{"rendered":"Terapia punkt\u00f3w spustowych i suchej ig\u0142oterapii"},"content":{"rendered":"<div class=\"description-seo\">\n<h2>Terapia punkt\u00f3w spustowych i\u00a0suchej <strong>ig\u0142oterapii<\/strong> w\u00a0<strong>Warszawie<\/strong><\/h2>\n<p>Zdarza Ci\u00a0si\u0119\u00a0odczuwa\u0107 k\u0142uj\u0105cy, \u015brednio intensywny b\u00f3l w\u00a0r\u00f3\u017cnych partiach plec\u00f3w b\u0105d\u017a innych cz\u0119\u015bci cia\u0142a? Dolegliwo\u015bci pojawiaj\u0105 si\u0119\u00a0po\u00a0ca\u0142ym dniu siedz\u0105cej pracy lub\u00a0po\u00a0wymagaj\u0105cym treningu si\u0142owym? Prawdopodobnie w\u00a0mi\u0119\u015bniach wyst\u0105pi\u0142y punkty spustowe \u2013 nie\u00a0s\u0105\u00a0gro\u017ane dla\u00a0zdrowia, ale\u00a0w\u00a0skrajnych przypadkach znacz\u0105co pogarszaj\u0105 komfort \u017cycia. Warto skorzysta\u0107 z\u00a0pomocy <a href=\"\/\">do\u015bwiadczonego osteopaty<\/a> b\u0105d\u017a fizjoterapeuty, kt\u00f3ry wie, jak\u00a0rozpozna\u0107 i\u00a0leczy\u0107 punkty spustowe.<\/p>\n<h2>Po czym pozna\u0107, \u017ce\u00a0mamy do\u00a0czynienia z\u00a0punktem spustowym?<\/h2>\n<p>Punkty spustowe to\u00a0pewnego rodzaju nieregularno\u015bci wyst\u0119puj\u0105ce w\u00a0mi\u0119\u015bniach na\u00a0skutek r\u00f3\u017cnych czynnik\u00f3w. Rozpoznanie nie\u00a0jest skomplikowane \u2013 wystarczy dok\u0142adnie zbada\u0107 bol\u0105cy obszar i\u00a0znale\u017a\u0107 niewielki guzek czy\u00a0zgrubienie. Terapia wykonana przez do\u015bwiadczonego osteopat\u0119 pozwala manualnie pozby\u0107 si\u0119\u00a0przyczyny b\u00f3lu. Warto tak\u017ce zadba\u0107 o\u00a0to, by\u00a0podobne dolegliwo\u015bci nie\u00a0powtarza\u0142y si\u0119\u00a0w\u00a0przysz\u0142o\u015bci \u2013 nale\u017cy zadba\u0107 o\u00a0dobr\u0105 kondycj\u0119 organizmu i\u00a0nie\u00a0zapomina\u0107 o\u00a0rozci\u0105ganiu przed treningiem.<\/p>\n<h2><strong>Ig\u0142oterapia<\/strong> w\u00a0gabinecie w\u00a0<strong>Warszawie<\/strong><\/h2>\n<p>Terapia punkt\u00f3w spustowych to\u00a0manualne (miejscowe lub\u00a0og\u00f3lne), bezpo\u015brednie dzia\u0142anie mechaniczne na\u00a0mi\u0119\u015bnie oraz powi\u0119zi, stosowane w\u00a0celu niwelowania dolegliwo\u015bci b\u00f3lowych w\u00a0ciele cz\u0142owieka (tzw. b\u00f3lowych zespo\u0142\u00f3w mi\u0119\u015bniowo-powi\u0119ziowych). Sucha <strong>ig\u0142oterapia<\/strong> to\u00a0nak\u0142uwanie sterylnymi ig\u0142ami akupunkturowymi (powierzchowne b\u0105d\u017a g\u0142\u0119bokie) punkt\u00f3w spustowych obecnych w\u00a0napi\u0119tych pasmach mi\u0119\u015bni szkieletowych w\u00a0celu likwidowania b\u00f3lu mi\u0119\u015bniowo-powi\u0119ziowego. W\u00a0trakcie zabiegu mo\u017ce by\u0107\u00a0odczuwalny wzmo\u017cony b\u00f3l, jednak od\u00a0razu po\u00a0<strong>ig\u0142oterapii<\/strong> dolegliwo\u015bci ust\u0119puj\u0105. Zapraszamy do\u00a0gabinetu w\u00a0<strong>Warszawie<\/strong>, gdzie rozprawimy si\u0119\u00a0w\u00a0Twoim b\u00f3lem!<\/p>\n<\/div>\n","protected":false},"excerpt":{"rendered":"<p>Terapia punkt\u00f3w spustowych i\u00a0suchej ig\u0142oterapii w\u00a0Warszawie Zdarza Ci\u00a0si\u0119\u00a0odczuwa\u0107 k\u0142uj\u0105cy, \u015brednio intensywny b\u00f3l w\u00a0r\u00f3\u017cnych partiach plec\u00f3w b\u0105d\u017a innych cz\u0119\u015bci cia\u0142a? Dolegliwo\u015bci pojawiaj\u0105 si\u0119\u00a0po\u00a0ca\u0142ym dniu siedz\u0105cej pracy lub\u00a0po\u00a0wymagaj\u0105cym treningu si\u0142owym? Prawdopodobnie w\u00a0mi\u0119\u015bniach wyst\u0105pi\u0142y punkty spustowe \u2013 nie\u00a0s\u0105\u00a0gro\u017ane dla\u00a0zdrowia, ale\u00a0w\u00a0skrajnych przypadkach znacz\u0105co pogarszaj\u0105 komfort \u017cycia. Warto skorzysta\u0107 z\u00a0pomocy do\u015bwiadczonego osteopaty b\u0105d\u017a fizjoterapeuty, kt\u00f3ry wie, jak\u00a0rozpozna\u0107 i\u00a0leczy\u0107 punkty spustowe. [&hellip;]<\/p>\n","protected":false},"author":3,"featured_media":0,"parent":182,"menu_order":0,"comment_status":"closed","ping_status":"closed","template":"","meta":{"footnotes":""},"class_list":["post-219","page","type-page","status-publish","hentry"],"yoast_head":"<!-- This site is optimized with the Yoast SEO plugin v26.7 - https:\/\/yoast.com\/wordpress\/plugins\/seo\/ -->\n<title>Terapia punkt\u00f3w spustowych i suchej ig\u0142oterapii - CalvaMed<\/title>\n<meta name=\"robots\" content=\"index, follow, max-snippet:-1, max-image-preview:large, max-video-preview:-1\" \/>\n<link rel=\"canonical\" href=\"https:\/\/calvamed.pl\/en\/oferta\/terapia-punktow-spustowych-i-suchej-igloterapii\/\" \/>\n<meta property=\"og:locale\" content=\"en_US\" \/>\n<meta property=\"og:type\" content=\"article\" \/>\n<meta property=\"og:title\" content=\"Terapia punkt\u00f3w spustowych i suchej ig\u0142oterapii - CalvaMed\" \/>\n<meta property=\"og:description\" content=\"Terapia punkt\u00f3w spustowych i\u00a0suchej ig\u0142oterapii w\u00a0Warszawie Zdarza Ci\u00a0si\u0119\u00a0odczuwa\u0107 k\u0142uj\u0105cy, \u015brednio intensywny b\u00f3l w\u00a0r\u00f3\u017cnych partiach plec\u00f3w b\u0105d\u017a innych cz\u0119\u015bci cia\u0142a? Dolegliwo\u015bci pojawiaj\u0105 si\u0119\u00a0po\u00a0ca\u0142ym dniu siedz\u0105cej pracy lub\u00a0po\u00a0wymagaj\u0105cym treningu si\u0142owym? Prawdopodobnie w\u00a0mi\u0119\u015bniach wyst\u0105pi\u0142y punkty spustowe \u2013 nie\u00a0s\u0105\u00a0gro\u017ane dla\u00a0zdrowia, ale\u00a0w\u00a0skrajnych przypadkach znacz\u0105co pogarszaj\u0105 komfort \u017cycia. Warto skorzysta\u0107 z\u00a0pomocy do\u015bwiadczonego osteopaty b\u0105d\u017a fizjoterapeuty, kt\u00f3ry wie, jak\u00a0rozpozna\u0107 i\u00a0leczy\u0107 punkty spustowe. [&hellip;]\" \/>\n<meta property=\"og:url\" content=\"https:\/\/calvamed.pl\/en\/oferta\/terapia-punktow-spustowych-i-suchej-igloterapii\/\" \/>\n<meta property=\"og:site_name\" content=\"CalvaMed\" \/>\n<meta property=\"article:modified_time\" content=\"2021-07-20T07:24:58+00:00\" \/>\n<meta name=\"twitter:card\" content=\"summary_large_image\" \/>\n<meta name=\"twitter:label1\" content=\"Est. reading time\" \/>\n\t<meta name=\"twitter:data1\" content=\"2 minutes\" \/>\n<script type=\"application\/ld+json\" class=\"yoast-schema-graph\">{\"@context\":\"https:\/\/schema.org\",\"@graph\":[{\"@type\":\"WebPage\",\"@id\":\"https:\/\/calvamed.pl\/en\/oferta\/terapia-punktow-spustowych-i-suchej-igloterapii\/\",\"url\":\"https:\/\/calvamed.pl\/en\/oferta\/terapia-punktow-spustowych-i-suchej-igloterapii\/\",\"name\":\"Terapia punkt\u00f3w spustowych i suchej ig\u0142oterapii - CalvaMed\",\"isPartOf\":{\"@id\":\"http:\/\/calvamed.pl\/#website\"},\"datePublished\":\"2021-02-19T11:20:54+00:00\",\"dateModified\":\"2021-07-20T07:24:58+00:00\",\"breadcrumb\":{\"@id\":\"https:\/\/calvamed.pl\/en\/oferta\/terapia-punktow-spustowych-i-suchej-igloterapii\/#breadcrumb\"},\"inLanguage\":\"en-US\",\"potentialAction\":[{\"@type\":\"ReadAction\",\"target\":[\"https:\/\/calvamed.pl\/en\/oferta\/terapia-punktow-spustowych-i-suchej-igloterapii\/\"]}]},{\"@type\":\"BreadcrumbList\",\"@id\":\"https:\/\/calvamed.pl\/en\/oferta\/terapia-punktow-spustowych-i-suchej-igloterapii\/#breadcrumb\",\"itemListElement\":[{\"@type\":\"ListItem\",\"position\":1,\"name\":\"Strona g\u0142\u00f3wna\",\"item\":\"http:\/\/calvamed.pl\/\"},{\"@type\":\"ListItem\",\"position\":2,\"name\":\"Oferta\",\"item\":\"http:\/\/calvamed.pl\/oferta\/\"},{\"@type\":\"ListItem\",\"position\":3,\"name\":\"Terapia punkt\u00f3w spustowych i suchej ig\u0142oterapii\"}]},{\"@type\":\"WebSite\",\"@id\":\"http:\/\/calvamed.pl\/#website\",\"url\":\"http:\/\/calvamed.pl\/\",\"name\":\"CalvaMed\",\"description\":\"Kolejna witryna oparta na WordPressie\",\"potentialAction\":[{\"@type\":\"SearchAction\",\"target\":{\"@type\":\"EntryPoint\",\"urlTemplate\":\"http:\/\/calvamed.pl\/?s={search_term_string}\"},\"query-input\":{\"@type\":\"PropertyValueSpecification\",\"valueRequired\":true,\"valueName\":\"search_term_string\"}}],\"inLanguage\":\"en-US\"}]}<\/script>\n<!-- \/ Yoast SEO plugin. -->","yoast_head_json":{"title":"Terapia punkt\u00f3w spustowych i suchej ig\u0142oterapii - CalvaMed","robots":{"index":"index","follow":"follow","max-snippet":"max-snippet:-1","max-image-preview":"max-image-preview:large","max-video-preview":"max-video-preview:-1"},"canonical":"https:\/\/calvamed.pl\/en\/oferta\/terapia-punktow-spustowych-i-suchej-igloterapii\/","og_locale":"en_US","og_type":"article","og_title":"Terapia punkt\u00f3w spustowych i suchej ig\u0142oterapii - CalvaMed","og_description":"Terapia punkt\u00f3w spustowych i\u00a0suchej ig\u0142oterapii w\u00a0Warszawie Zdarza Ci\u00a0si\u0119\u00a0odczuwa\u0107 k\u0142uj\u0105cy, \u015brednio intensywny b\u00f3l w\u00a0r\u00f3\u017cnych partiach plec\u00f3w b\u0105d\u017a innych cz\u0119\u015bci cia\u0142a? Dolegliwo\u015bci pojawiaj\u0105 si\u0119\u00a0po\u00a0ca\u0142ym dniu siedz\u0105cej pracy lub\u00a0po\u00a0wymagaj\u0105cym treningu si\u0142owym? Prawdopodobnie w\u00a0mi\u0119\u015bniach wyst\u0105pi\u0142y punkty spustowe \u2013 nie\u00a0s\u0105\u00a0gro\u017ane dla\u00a0zdrowia, ale\u00a0w\u00a0skrajnych przypadkach znacz\u0105co pogarszaj\u0105 komfort \u017cycia. Warto skorzysta\u0107 z\u00a0pomocy do\u015bwiadczonego osteopaty b\u0105d\u017a fizjoterapeuty, kt\u00f3ry wie, jak\u00a0rozpozna\u0107 i\u00a0leczy\u0107 punkty spustowe. [&hellip;]","og_url":"https:\/\/calvamed.pl\/en\/oferta\/terapia-punktow-spustowych-i-suchej-igloterapii\/","og_site_name":"CalvaMed","article_modified_time":"2021-07-20T07:24:58+00:00","twitter_card":"summary_large_image","twitter_misc":{"Est. reading time":"2 minutes"},"schema":{"@context":"https:\/\/schema.org","@graph":[{"@type":"WebPage","@id":"https:\/\/calvamed.pl\/en\/oferta\/terapia-punktow-spustowych-i-suchej-igloterapii\/","url":"https:\/\/calvamed.pl\/en\/oferta\/terapia-punktow-spustowych-i-suchej-igloterapii\/","name":"Terapia punkt\u00f3w spustowych i suchej ig\u0142oterapii - CalvaMed","isPartOf":{"@id":"http:\/\/calvamed.pl\/#website"},"datePublished":"2021-02-19T11:20:54+00:00","dateModified":"2021-07-20T07:24:58+00:00","breadcrumb":{"@id":"https:\/\/calvamed.pl\/en\/oferta\/terapia-punktow-spustowych-i-suchej-igloterapii\/#breadcrumb"},"inLanguage":"en-US","potentialAction":[{"@type":"ReadAction","target":["https:\/\/calvamed.pl\/en\/oferta\/terapia-punktow-spustowych-i-suchej-igloterapii\/"]}]},{"@type":"BreadcrumbList","@id":"https:\/\/calvamed.pl\/en\/oferta\/terapia-punktow-spustowych-i-suchej-igloterapii\/#breadcrumb","itemListElement":[{"@type":"ListItem","position":1,"name":"Strona g\u0142\u00f3wna","item":"http:\/\/calvamed.pl\/"},{"@type":"ListItem","position":2,"name":"Oferta","item":"http:\/\/calvamed.pl\/oferta\/"},{"@type":"ListItem","position":3,"name":"Terapia punkt\u00f3w spustowych i suchej ig\u0142oterapii"}]},{"@type":"WebSite","@id":"http:\/\/calvamed.pl\/#website","url":"http:\/\/calvamed.pl\/","name":"CalvaMed","description":"Kolejna witryna oparta na WordPressie","potentialAction":[{"@type":"SearchAction","target":{"@type":"EntryPoint","urlTemplate":"http:\/\/calvamed.pl\/?s={search_term_string}"},"query-input":{"@type":"PropertyValueSpecification","valueRequired":true,"valueName":"search_term_string"}}],"inLanguage":"en-US"}]}},"_links":{"self":[{"href":"https:\/\/calvamed.pl\/en\/wp-json\/wp\/v2\/pages\/219","targetHints":{"allow":["GET"]}}],"collection":[{"href":"https:\/\/calvamed.pl\/en\/wp-json\/wp\/v2\/pages"}],"about":[{"href":"https:\/\/calvamed.pl\/en\/wp-json\/wp\/v2\/types\/page"}],"author":[{"embeddable":true,"href":"https:\/\/calvamed.pl\/en\/wp-json\/wp\/v2\/users\/3"}],"replies":[{"embeddable":true,"href":"https:\/\/calvamed.pl\/en\/wp-json\/wp\/v2\/comments?post=219"}],"version-history":[{"count":3,"href":"https:\/\/calvamed.pl\/en\/wp-json\/wp\/v2\/pages\/219\/revisions"}],"predecessor-version":[{"id":249,"href":"https:\/\/calvamed.pl\/en\/wp-json\/wp\/v2\/pages\/219\/revisions\/249"}],"up":[{"embeddable":true,"href":"https:\/\/calvamed.pl\/en\/wp-json\/wp\/v2\/pages\/182"}],"wp:attachment":[{"href":"https:\/\/calvamed.pl\/en\/wp-json\/wp\/v2\/media?parent=219"}],"curies":[{"name":"wp","href":"https:\/\/api.w.org\/{rel}","templated":true}]}}