{"id":222,"date":"2021-02-19T12:23:06","date_gmt":"2021-02-19T11:23:06","guid":{"rendered":"http:\/\/calvamed.pl\/?page_id=222"},"modified":"2021-07-20T09:26:00","modified_gmt":"2021-07-20T07:26:00","slug":"manipulacje-wisceralne","status":"publish","type":"page","link":"https:\/\/calvamed.pl\/en\/oferta\/manipulacje-wisceralne\/","title":{"rendered":"Manipulacje wisceralne"},"content":{"rendered":"<div class=\"description-seo\">\n<h2><strong>Terapia wisceralna<\/strong><\/h2>\n<p>Manipulacje <strong>wisceralne <\/strong>(<strong>terapia<\/strong> organ\u00f3w wewn\u0119trznych \u2013 mi\u0119dzy innymi \u017co\u0142\u0105dka, w\u0105troby, jelit, nerek) to\u00a0praca nad\u00a0ruchliwo\u015bci\u0105 i\u00a0ruchomo\u015bci\u0105 narz\u0105d\u00f3w trzewnych w\u00a0stosunku do\u00a0uk\u0142adu mi\u0119\u015bniowo-szkieletowego. Manipulacje wisceralne s\u0105\u00a0aplikowane w\u00a0celu zmniejszenia dolegliwo\u015bci b\u00f3lowych aparatu ruchu cz\u0142owieka oraz przywr\u00f3cenia prawid\u0142owej funkcji danego narz\u0105du trzewnego. <strong>Terapi\u0119 wisceraln\u0105<\/strong> warto stosowa\u0107 przy zaburzeniach przewodu pokarmowego, a\u00a0wi\u0119c wtedy, gdy\u00a0cz\u0119sto odczuwamy dolegliwo\u015bci takie jak\u00a0zgaga, nudno\u015bci, refluks, przewlek\u0142e zaparcia czy\u00a0napi\u0119cie w\u00a0brzuchu. Odpowiednio przeprowadzona <strong>terapia<\/strong> pozwala zlokalizowa\u0107 miejsce problemu w\u00a0jamie brzusznej, zmniejsza lub\u00a0ca\u0142kowicie likwiduje dolegliwo\u015bci b\u00f3le oraz dyskomfort.<\/p>\n<h2>Zapraszam na\u00a0skuteczn\u0105 <strong>terapi\u0119 wisceraln\u0105<\/strong> do\u00a0Calvamed w\u00a0<strong>Warszawie<\/strong><\/h2>\n<p><strong>Terapia wisceralna<\/strong> z powodzeniem stosowana jest przez wielu wykwalifikowanych fizjoterapeut\u00f3w na ca\u0142ym \u015bwiecie. W gabinecie fizjoterapeutycznym <a href=\"\/\">Calvamed w <strong>Warszawie<\/strong><\/a> r\u00f3wnie\u017c proponuj\u0119 j\u0105\u00a0moim Pacjentom. Dzi\u0119ki odpowiednim technikom manualnym potrafi\u0119 poprawi\u0107 przep\u0142yw krwi w\u00a0narz\u0105dach wewn\u0119trznych, przyspieszy\u0107 proces usuwania zb\u0119dnych produkt\u00f3w przemiany materii oraz zmniejszy\u0107 napi\u0119cie powi\u0119zi, co\u00a0z\u00a0kolei korzystnie wp\u0142ywa na\u00a0metabolizm i\u00a0odporno\u015b\u0107 ca\u0142ego organizmu.<\/p>\n<\/div>\n","protected":false},"excerpt":{"rendered":"<p>Terapia wisceralna Manipulacje wisceralne (terapia organ\u00f3w wewn\u0119trznych \u2013 mi\u0119dzy innymi \u017co\u0142\u0105dka, w\u0105troby, jelit, nerek) to\u00a0praca nad\u00a0ruchliwo\u015bci\u0105 i\u00a0ruchomo\u015bci\u0105 narz\u0105d\u00f3w trzewnych w\u00a0stosunku do\u00a0uk\u0142adu mi\u0119\u015bniowo-szkieletowego. Manipulacje wisceralne s\u0105\u00a0aplikowane w\u00a0celu zmniejszenia dolegliwo\u015bci b\u00f3lowych aparatu ruchu cz\u0142owieka oraz przywr\u00f3cenia prawid\u0142owej funkcji danego narz\u0105du trzewnego. Terapi\u0119 wisceraln\u0105 warto stosowa\u0107 przy zaburzeniach przewodu pokarmowego, a\u00a0wi\u0119c wtedy, gdy\u00a0cz\u0119sto odczuwamy dolegliwo\u015bci takie jak\u00a0zgaga, nudno\u015bci, [&hellip;]<\/p>\n","protected":false},"author":3,"featured_media":0,"parent":182,"menu_order":0,"comment_status":"closed","ping_status":"closed","template":"","meta":{"footnotes":""},"class_list":["post-222","page","type-page","status-publish","hentry"],"yoast_head":"<!-- This site is optimized with the Yoast SEO plugin v26.7 - https:\/\/yoast.com\/wordpress\/plugins\/seo\/ -->\n<title>Manipulacje wisceralne - CalvaMed<\/title>\n<meta name=\"robots\" content=\"index, follow, max-snippet:-1, max-image-preview:large, max-video-preview:-1\" \/>\n<link rel=\"canonical\" href=\"https:\/\/calvamed.pl\/en\/oferta\/manipulacje-wisceralne\/\" \/>\n<meta property=\"og:locale\" content=\"en_US\" \/>\n<meta property=\"og:type\" content=\"article\" \/>\n<meta property=\"og:title\" content=\"Manipulacje wisceralne - CalvaMed\" \/>\n<meta property=\"og:description\" content=\"Terapia wisceralna Manipulacje wisceralne (terapia organ\u00f3w wewn\u0119trznych \u2013 mi\u0119dzy innymi \u017co\u0142\u0105dka, w\u0105troby, jelit, nerek) to\u00a0praca nad\u00a0ruchliwo\u015bci\u0105 i\u00a0ruchomo\u015bci\u0105 narz\u0105d\u00f3w trzewnych w\u00a0stosunku do\u00a0uk\u0142adu mi\u0119\u015bniowo-szkieletowego. Manipulacje wisceralne s\u0105\u00a0aplikowane w\u00a0celu zmniejszenia dolegliwo\u015bci b\u00f3lowych aparatu ruchu cz\u0142owieka oraz przywr\u00f3cenia prawid\u0142owej funkcji danego narz\u0105du trzewnego. Terapi\u0119 wisceraln\u0105 warto stosowa\u0107 przy zaburzeniach przewodu pokarmowego, a\u00a0wi\u0119c wtedy, gdy\u00a0cz\u0119sto odczuwamy dolegliwo\u015bci takie jak\u00a0zgaga, nudno\u015bci, [&hellip;]\" \/>\n<meta property=\"og:url\" content=\"https:\/\/calvamed.pl\/en\/oferta\/manipulacje-wisceralne\/\" \/>\n<meta property=\"og:site_name\" content=\"CalvaMed\" \/>\n<meta property=\"article:modified_time\" content=\"2021-07-20T07:26:00+00:00\" \/>\n<meta name=\"twitter:card\" content=\"summary_large_image\" \/>\n<meta name=\"twitter:label1\" content=\"Est. reading time\" \/>\n\t<meta name=\"twitter:data1\" content=\"1 minute\" \/>\n<script type=\"application\/ld+json\" class=\"yoast-schema-graph\">{\"@context\":\"https:\/\/schema.org\",\"@graph\":[{\"@type\":\"WebPage\",\"@id\":\"https:\/\/calvamed.pl\/en\/oferta\/manipulacje-wisceralne\/\",\"url\":\"https:\/\/calvamed.pl\/en\/oferta\/manipulacje-wisceralne\/\",\"name\":\"Manipulacje wisceralne - CalvaMed\",\"isPartOf\":{\"@id\":\"http:\/\/calvamed.pl\/#website\"},\"datePublished\":\"2021-02-19T11:23:06+00:00\",\"dateModified\":\"2021-07-20T07:26:00+00:00\",\"breadcrumb\":{\"@id\":\"https:\/\/calvamed.pl\/en\/oferta\/manipulacje-wisceralne\/#breadcrumb\"},\"inLanguage\":\"en-US\",\"potentialAction\":[{\"@type\":\"ReadAction\",\"target\":[\"https:\/\/calvamed.pl\/en\/oferta\/manipulacje-wisceralne\/\"]}]},{\"@type\":\"BreadcrumbList\",\"@id\":\"https:\/\/calvamed.pl\/en\/oferta\/manipulacje-wisceralne\/#breadcrumb\",\"itemListElement\":[{\"@type\":\"ListItem\",\"position\":1,\"name\":\"Strona g\u0142\u00f3wna\",\"item\":\"http:\/\/calvamed.pl\/\"},{\"@type\":\"ListItem\",\"position\":2,\"name\":\"Oferta\",\"item\":\"http:\/\/calvamed.pl\/oferta\/\"},{\"@type\":\"ListItem\",\"position\":3,\"name\":\"Manipulacje wisceralne\"}]},{\"@type\":\"WebSite\",\"@id\":\"http:\/\/calvamed.pl\/#website\",\"url\":\"http:\/\/calvamed.pl\/\",\"name\":\"CalvaMed\",\"description\":\"Kolejna witryna oparta na WordPressie\",\"potentialAction\":[{\"@type\":\"SearchAction\",\"target\":{\"@type\":\"EntryPoint\",\"urlTemplate\":\"http:\/\/calvamed.pl\/?s={search_term_string}\"},\"query-input\":{\"@type\":\"PropertyValueSpecification\",\"valueRequired\":true,\"valueName\":\"search_term_string\"}}],\"inLanguage\":\"en-US\"}]}<\/script>\n<!-- \/ Yoast SEO plugin. -->","yoast_head_json":{"title":"Manipulacje wisceralne - CalvaMed","robots":{"index":"index","follow":"follow","max-snippet":"max-snippet:-1","max-image-preview":"max-image-preview:large","max-video-preview":"max-video-preview:-1"},"canonical":"https:\/\/calvamed.pl\/en\/oferta\/manipulacje-wisceralne\/","og_locale":"en_US","og_type":"article","og_title":"Manipulacje wisceralne - CalvaMed","og_description":"Terapia wisceralna Manipulacje wisceralne (terapia organ\u00f3w wewn\u0119trznych \u2013 mi\u0119dzy innymi \u017co\u0142\u0105dka, w\u0105troby, jelit, nerek) to\u00a0praca nad\u00a0ruchliwo\u015bci\u0105 i\u00a0ruchomo\u015bci\u0105 narz\u0105d\u00f3w trzewnych w\u00a0stosunku do\u00a0uk\u0142adu mi\u0119\u015bniowo-szkieletowego. Manipulacje wisceralne s\u0105\u00a0aplikowane w\u00a0celu zmniejszenia dolegliwo\u015bci b\u00f3lowych aparatu ruchu cz\u0142owieka oraz przywr\u00f3cenia prawid\u0142owej funkcji danego narz\u0105du trzewnego. Terapi\u0119 wisceraln\u0105 warto stosowa\u0107 przy zaburzeniach przewodu pokarmowego, a\u00a0wi\u0119c wtedy, gdy\u00a0cz\u0119sto odczuwamy dolegliwo\u015bci takie jak\u00a0zgaga, nudno\u015bci, [&hellip;]","og_url":"https:\/\/calvamed.pl\/en\/oferta\/manipulacje-wisceralne\/","og_site_name":"CalvaMed","article_modified_time":"2021-07-20T07:26:00+00:00","twitter_card":"summary_large_image","twitter_misc":{"Est. reading time":"1 minute"},"schema":{"@context":"https:\/\/schema.org","@graph":[{"@type":"WebPage","@id":"https:\/\/calvamed.pl\/en\/oferta\/manipulacje-wisceralne\/","url":"https:\/\/calvamed.pl\/en\/oferta\/manipulacje-wisceralne\/","name":"Manipulacje wisceralne - CalvaMed","isPartOf":{"@id":"http:\/\/calvamed.pl\/#website"},"datePublished":"2021-02-19T11:23:06+00:00","dateModified":"2021-07-20T07:26:00+00:00","breadcrumb":{"@id":"https:\/\/calvamed.pl\/en\/oferta\/manipulacje-wisceralne\/#breadcrumb"},"inLanguage":"en-US","potentialAction":[{"@type":"ReadAction","target":["https:\/\/calvamed.pl\/en\/oferta\/manipulacje-wisceralne\/"]}]},{"@type":"BreadcrumbList","@id":"https:\/\/calvamed.pl\/en\/oferta\/manipulacje-wisceralne\/#breadcrumb","itemListElement":[{"@type":"ListItem","position":1,"name":"Strona g\u0142\u00f3wna","item":"http:\/\/calvamed.pl\/"},{"@type":"ListItem","position":2,"name":"Oferta","item":"http:\/\/calvamed.pl\/oferta\/"},{"@type":"ListItem","position":3,"name":"Manipulacje wisceralne"}]},{"@type":"WebSite","@id":"http:\/\/calvamed.pl\/#website","url":"http:\/\/calvamed.pl\/","name":"CalvaMed","description":"Kolejna witryna oparta na WordPressie","potentialAction":[{"@type":"SearchAction","target":{"@type":"EntryPoint","urlTemplate":"http:\/\/calvamed.pl\/?s={search_term_string}"},"query-input":{"@type":"PropertyValueSpecification","valueRequired":true,"valueName":"search_term_string"}}],"inLanguage":"en-US"}]}},"_links":{"self":[{"href":"https:\/\/calvamed.pl\/en\/wp-json\/wp\/v2\/pages\/222","targetHints":{"allow":["GET"]}}],"collection":[{"href":"https:\/\/calvamed.pl\/en\/wp-json\/wp\/v2\/pages"}],"about":[{"href":"https:\/\/calvamed.pl\/en\/wp-json\/wp\/v2\/types\/page"}],"author":[{"embeddable":true,"href":"https:\/\/calvamed.pl\/en\/wp-json\/wp\/v2\/users\/3"}],"replies":[{"embeddable":true,"href":"https:\/\/calvamed.pl\/en\/wp-json\/wp\/v2\/comments?post=222"}],"version-history":[{"count":2,"href":"https:\/\/calvamed.pl\/en\/wp-json\/wp\/v2\/pages\/222\/revisions"}],"predecessor-version":[{"id":251,"href":"https:\/\/calvamed.pl\/en\/wp-json\/wp\/v2\/pages\/222\/revisions\/251"}],"up":[{"embeddable":true,"href":"https:\/\/calvamed.pl\/en\/wp-json\/wp\/v2\/pages\/182"}],"wp:attachment":[{"href":"https:\/\/calvamed.pl\/en\/wp-json\/wp\/v2\/media?parent=222"}],"curies":[{"name":"wp","href":"https:\/\/api.w.org\/{rel}","templated":true}]}}