{"id":226,"date":"2021-02-19T12:26:25","date_gmt":"2021-02-19T11:26:25","guid":{"rendered":"http:\/\/calvamed.pl\/?page_id=226"},"modified":"2021-07-20T09:26:26","modified_gmt":"2021-07-20T07:26:26","slug":"terapia-czaszkowo-krzyzowa","status":"publish","type":"page","link":"https:\/\/calvamed.pl\/en\/oferta\/terapia-czaszkowo-krzyzowa\/","title":{"rendered":"Terapia czaszkowo-krzy\u017cowa"},"content":{"rendered":"<div class=\"description-seo\">\n<h2><strong>Terapia czaszkowo<\/strong>&#8211;<strong>krzy\u017cowa<\/strong> w\u00a0<strong>Warszawie<\/strong><\/h2>\n<p><strong>Terapia czaszkowo<\/strong>&#8211;<strong>krzy\u017cowa<\/strong> (cranio-sacralna), kt\u00f3r\u0105 prowadzimy w\u00a0gabinecie w\u00a0<strong>Warszawie<\/strong>, jest \u0142agodn\u0105, ma\u0142o inwazyjn\u0105 metod\u0105 oceny, a\u00a0tak\u017ce poprawy funkcjonowania ludzkiego organizmu. Terapeuta, poprzez somato-emocjonalne rozlu\u017anienie, jest w\u00a0stanie uwolni\u0107 restrykcje (zablokowania) w\u00a0ciele i\u00a0psychice cz\u0142owieka oraz cysty energetyczne (miejsca skumulowanej energii powsta\u0142ej po\u00a0urazach, chorobach lub\u00a0traumatycznych prze\u017cyciach). TCK\u00a0reguluje dzia\u0142anie uk\u0142adu nerwowego, uspokaja i\u00a0wycisza, a\u00a0tak\u017ce pozwala odreagowa\u0107 stres oraz napi\u0119cie psychiczne. <strong>Terapia czaszkowo<\/strong>&#8211;<strong>krzy\u017cowa<\/strong> znajduje te\u017c\u00a0zastosowanie w\u00a0poprawie skuteczno\u015bci innych terapii fizjoterapeutycznych czy\u00a0psychologicznych, uruchamiaj\u0105c naturalne mechanizmy samouzdrawiania i\u00a0r\u00f3wnowa\u017c\u0105c wszystkie uk\u0142ady ludzkiego cia\u0142a.<\/p>\n<h2><strong>Terapia CranioSacralna Upledgera<\/strong> \u2013 <strong>Warszawa<\/strong><\/h2>\n<p><strong>Terapia czaszkowo<\/strong>&#8211;<strong>krzy\u017cowa<\/strong>, znana r\u00f3wnie\u017c jako <strong>CranioSacralna Upledgera<\/strong>, mo\u017ce pom\u00f3c w\u00a0uwolnieniu si\u0119\u00a0od\u00a0rozmaitych problem\u00f3w, pocz\u0105wszy od\u00a0dolegliwo\u015bci b\u00f3lowych w\u00a0r\u00f3\u017cnych cz\u0119\u015bciach cia\u0142a, przez napi\u0119cie mi\u0119\u015bniowe, na\u00a0k\u0142opotach z\u00a0uk\u0142adem pokarmowym sko\u0144czywszy. Istot\u0105 tej\u00a0metody jest jednak podej\u015bcie holistyczne, dlatego <strong>terapia czaszkowo<\/strong>&#8211;<strong>krzy\u017cowa<\/strong> pozwala te\u017c\u00a0na\u00a0popraw\u0119 stanu psychicznego i\u00a0emocjonalnego cz\u0142owieka. W\u00a0naszym <a href=\"\/\"><strong>gabinecie fizjoterapeutycznym<\/strong><\/a> wykorzystujemy <strong>terapi\u0119 CranioSacraln\u0105 Upledgera<\/strong>, by\u00a0pomaga\u0107 Pacjentom w\u00a0ka\u017cdym wieku z\u00a0<strong>Warszawy<\/strong> oraz okolicznych miejscowo\u015bci. Serdecznie zapraszamy do\u00a0kontaktu!<\/p>\n<\/div>\n","protected":false},"excerpt":{"rendered":"<p>Terapia czaszkowo&#8211;krzy\u017cowa w\u00a0Warszawie Terapia czaszkowo&#8211;krzy\u017cowa (cranio-sacralna), kt\u00f3r\u0105 prowadzimy w\u00a0gabinecie w\u00a0Warszawie, jest \u0142agodn\u0105, ma\u0142o inwazyjn\u0105 metod\u0105 oceny, a\u00a0tak\u017ce poprawy funkcjonowania ludzkiego organizmu. Terapeuta, poprzez somato-emocjonalne rozlu\u017anienie, jest w\u00a0stanie uwolni\u0107 restrykcje (zablokowania) w\u00a0ciele i\u00a0psychice cz\u0142owieka oraz cysty energetyczne (miejsca skumulowanej energii powsta\u0142ej po\u00a0urazach, chorobach lub\u00a0traumatycznych prze\u017cyciach). TCK\u00a0reguluje dzia\u0142anie uk\u0142adu nerwowego, uspokaja i\u00a0wycisza, a\u00a0tak\u017ce pozwala odreagowa\u0107 stres oraz [&hellip;]<\/p>\n","protected":false},"author":3,"featured_media":0,"parent":182,"menu_order":0,"comment_status":"closed","ping_status":"closed","template":"","meta":{"footnotes":""},"class_list":["post-226","page","type-page","status-publish","hentry"],"yoast_head":"<!-- This site is optimized with the Yoast SEO plugin v26.7 - https:\/\/yoast.com\/wordpress\/plugins\/seo\/ -->\n<title>Terapia czaszkowo-krzy\u017cowa - CalvaMed<\/title>\n<meta name=\"robots\" content=\"index, follow, max-snippet:-1, max-image-preview:large, max-video-preview:-1\" \/>\n<link rel=\"canonical\" href=\"http:\/\/calvamed.pl\/oferta\/terapia-czaszkowo-krzyzowa\/\" \/>\n<meta property=\"og:locale\" content=\"en_US\" \/>\n<meta property=\"og:type\" content=\"article\" \/>\n<meta property=\"og:title\" content=\"Terapia czaszkowo-krzy\u017cowa - CalvaMed\" \/>\n<meta property=\"og:description\" content=\"Terapia czaszkowo&#8211;krzy\u017cowa w\u00a0Warszawie Terapia czaszkowo&#8211;krzy\u017cowa (cranio-sacralna), kt\u00f3r\u0105 prowadzimy w\u00a0gabinecie w\u00a0Warszawie, jest \u0142agodn\u0105, ma\u0142o inwazyjn\u0105 metod\u0105 oceny, a\u00a0tak\u017ce poprawy funkcjonowania ludzkiego organizmu. Terapeuta, poprzez somato-emocjonalne rozlu\u017anienie, jest w\u00a0stanie uwolni\u0107 restrykcje (zablokowania) w\u00a0ciele i\u00a0psychice cz\u0142owieka oraz cysty energetyczne (miejsca skumulowanej energii powsta\u0142ej po\u00a0urazach, chorobach lub\u00a0traumatycznych prze\u017cyciach). TCK\u00a0reguluje dzia\u0142anie uk\u0142adu nerwowego, uspokaja i\u00a0wycisza, a\u00a0tak\u017ce pozwala odreagowa\u0107 stres oraz [&hellip;]\" \/>\n<meta property=\"og:url\" content=\"http:\/\/calvamed.pl\/oferta\/terapia-czaszkowo-krzyzowa\/\" \/>\n<meta property=\"og:site_name\" content=\"CalvaMed\" \/>\n<meta property=\"article:modified_time\" content=\"2021-07-20T07:26:26+00:00\" \/>\n<meta name=\"twitter:card\" content=\"summary_large_image\" \/>\n<meta name=\"twitter:label1\" content=\"Est. reading time\" \/>\n\t<meta name=\"twitter:data1\" content=\"1 minute\" \/>\n<script type=\"application\/ld+json\" class=\"yoast-schema-graph\">{\"@context\":\"https:\/\/schema.org\",\"@graph\":[{\"@type\":\"WebPage\",\"@id\":\"http:\/\/calvamed.pl\/oferta\/terapia-czaszkowo-krzyzowa\/\",\"url\":\"http:\/\/calvamed.pl\/oferta\/terapia-czaszkowo-krzyzowa\/\",\"name\":\"Terapia czaszkowo-krzy\u017cowa - CalvaMed\",\"isPartOf\":{\"@id\":\"http:\/\/calvamed.pl\/#website\"},\"datePublished\":\"2021-02-19T11:26:25+00:00\",\"dateModified\":\"2021-07-20T07:26:26+00:00\",\"breadcrumb\":{\"@id\":\"http:\/\/calvamed.pl\/oferta\/terapia-czaszkowo-krzyzowa\/#breadcrumb\"},\"inLanguage\":\"en-US\",\"potentialAction\":[{\"@type\":\"ReadAction\",\"target\":[\"http:\/\/calvamed.pl\/oferta\/terapia-czaszkowo-krzyzowa\/\"]}]},{\"@type\":\"BreadcrumbList\",\"@id\":\"http:\/\/calvamed.pl\/oferta\/terapia-czaszkowo-krzyzowa\/#breadcrumb\",\"itemListElement\":[{\"@type\":\"ListItem\",\"position\":1,\"name\":\"Strona g\u0142\u00f3wna\",\"item\":\"https:\/\/calvamed.pl\/\"},{\"@type\":\"ListItem\",\"position\":2,\"name\":\"Oferta\",\"item\":\"http:\/\/calvamed.pl\/en\/oferta\/\"},{\"@type\":\"ListItem\",\"position\":3,\"name\":\"Terapia czaszkowo-krzy\u017cowa\"}]},{\"@type\":\"WebSite\",\"@id\":\"http:\/\/calvamed.pl\/#website\",\"url\":\"http:\/\/calvamed.pl\/\",\"name\":\"CalvaMed\",\"description\":\"Kolejna witryna oparta na WordPressie\",\"potentialAction\":[{\"@type\":\"SearchAction\",\"target\":{\"@type\":\"EntryPoint\",\"urlTemplate\":\"http:\/\/calvamed.pl\/?s={search_term_string}\"},\"query-input\":{\"@type\":\"PropertyValueSpecification\",\"valueRequired\":true,\"valueName\":\"search_term_string\"}}],\"inLanguage\":\"en-US\"}]}<\/script>\n<!-- \/ Yoast SEO plugin. -->","yoast_head_json":{"title":"Terapia czaszkowo-krzy\u017cowa - CalvaMed","robots":{"index":"index","follow":"follow","max-snippet":"max-snippet:-1","max-image-preview":"max-image-preview:large","max-video-preview":"max-video-preview:-1"},"canonical":"http:\/\/calvamed.pl\/oferta\/terapia-czaszkowo-krzyzowa\/","og_locale":"en_US","og_type":"article","og_title":"Terapia czaszkowo-krzy\u017cowa - CalvaMed","og_description":"Terapia czaszkowo&#8211;krzy\u017cowa w\u00a0Warszawie Terapia czaszkowo&#8211;krzy\u017cowa (cranio-sacralna), kt\u00f3r\u0105 prowadzimy w\u00a0gabinecie w\u00a0Warszawie, jest \u0142agodn\u0105, ma\u0142o inwazyjn\u0105 metod\u0105 oceny, a\u00a0tak\u017ce poprawy funkcjonowania ludzkiego organizmu. Terapeuta, poprzez somato-emocjonalne rozlu\u017anienie, jest w\u00a0stanie uwolni\u0107 restrykcje (zablokowania) w\u00a0ciele i\u00a0psychice cz\u0142owieka oraz cysty energetyczne (miejsca skumulowanej energii powsta\u0142ej po\u00a0urazach, chorobach lub\u00a0traumatycznych prze\u017cyciach). TCK\u00a0reguluje dzia\u0142anie uk\u0142adu nerwowego, uspokaja i\u00a0wycisza, a\u00a0tak\u017ce pozwala odreagowa\u0107 stres oraz [&hellip;]","og_url":"http:\/\/calvamed.pl\/oferta\/terapia-czaszkowo-krzyzowa\/","og_site_name":"CalvaMed","article_modified_time":"2021-07-20T07:26:26+00:00","twitter_card":"summary_large_image","twitter_misc":{"Est. reading time":"1 minute"},"schema":{"@context":"https:\/\/schema.org","@graph":[{"@type":"WebPage","@id":"http:\/\/calvamed.pl\/oferta\/terapia-czaszkowo-krzyzowa\/","url":"http:\/\/calvamed.pl\/oferta\/terapia-czaszkowo-krzyzowa\/","name":"Terapia czaszkowo-krzy\u017cowa - CalvaMed","isPartOf":{"@id":"http:\/\/calvamed.pl\/#website"},"datePublished":"2021-02-19T11:26:25+00:00","dateModified":"2021-07-20T07:26:26+00:00","breadcrumb":{"@id":"http:\/\/calvamed.pl\/oferta\/terapia-czaszkowo-krzyzowa\/#breadcrumb"},"inLanguage":"en-US","potentialAction":[{"@type":"ReadAction","target":["http:\/\/calvamed.pl\/oferta\/terapia-czaszkowo-krzyzowa\/"]}]},{"@type":"BreadcrumbList","@id":"http:\/\/calvamed.pl\/oferta\/terapia-czaszkowo-krzyzowa\/#breadcrumb","itemListElement":[{"@type":"ListItem","position":1,"name":"Strona g\u0142\u00f3wna","item":"https:\/\/calvamed.pl\/"},{"@type":"ListItem","position":2,"name":"Oferta","item":"http:\/\/calvamed.pl\/en\/oferta\/"},{"@type":"ListItem","position":3,"name":"Terapia czaszkowo-krzy\u017cowa"}]},{"@type":"WebSite","@id":"http:\/\/calvamed.pl\/#website","url":"http:\/\/calvamed.pl\/","name":"CalvaMed","description":"Kolejna witryna oparta na WordPressie","potentialAction":[{"@type":"SearchAction","target":{"@type":"EntryPoint","urlTemplate":"http:\/\/calvamed.pl\/?s={search_term_string}"},"query-input":{"@type":"PropertyValueSpecification","valueRequired":true,"valueName":"search_term_string"}}],"inLanguage":"en-US"}]}},"_links":{"self":[{"href":"https:\/\/calvamed.pl\/en\/wp-json\/wp\/v2\/pages\/226","targetHints":{"allow":["GET"]}}],"collection":[{"href":"https:\/\/calvamed.pl\/en\/wp-json\/wp\/v2\/pages"}],"about":[{"href":"https:\/\/calvamed.pl\/en\/wp-json\/wp\/v2\/types\/page"}],"author":[{"embeddable":true,"href":"https:\/\/calvamed.pl\/en\/wp-json\/wp\/v2\/users\/3"}],"replies":[{"embeddable":true,"href":"https:\/\/calvamed.pl\/en\/wp-json\/wp\/v2\/comments?post=226"}],"version-history":[{"count":2,"href":"https:\/\/calvamed.pl\/en\/wp-json\/wp\/v2\/pages\/226\/revisions"}],"predecessor-version":[{"id":252,"href":"https:\/\/calvamed.pl\/en\/wp-json\/wp\/v2\/pages\/226\/revisions\/252"}],"up":[{"embeddable":true,"href":"https:\/\/calvamed.pl\/en\/wp-json\/wp\/v2\/pages\/182"}],"wp:attachment":[{"href":"https:\/\/calvamed.pl\/en\/wp-json\/wp\/v2\/media?parent=226"}],"curies":[{"name":"wp","href":"https:\/\/api.w.org\/{rel}","templated":true}]}}